{"id":430,"date":"2022-02-23T09:44:08","date_gmt":"2022-02-23T09:44:08","guid":{"rendered":"http:\/\/192.168.1.74\/?page_id=430"},"modified":"2022-02-23T09:44:08","modified_gmt":"2022-02-23T09:44:08","slug":"aviso-legal","status":"publish","type":"page","link":"https:\/\/mioti.es\/es\/aviso-legal\/","title":{"rendered":"Aviso Legal"},"content":{"rendered":"<p>El presente Aviso Legal establece las condiciones de uso de la P\u00e1gina Web www.mioti.es\/es, (en adelante la P\u00e1gina Web). La utilizaci\u00f3n de la misma atribuye al navegante la condici\u00f3n de Usuario, lo que implica la adhesi\u00f3n y compromiso de cumplimiento de todas y cada una de las condiciones contenidas en este Aviso Legal, en la versi\u00f3n publicada en el momento en que se acceda al mismo, por lo que se recomienda al Usuario leer este Aviso Legal atentamente cada vez que acceda a la P\u00e1gina Web. Estas Condiciones ser\u00e1n aplicables con independencia de la existencia de otras condiciones espec\u00edficas aplicables a determinados servicios que se presten en la P\u00e1gina Web.<\/p>\n<h3>Datos identificativos del Prestador de Servicios<\/h3>\n<p><strong>Denominaci\u00f3n:<\/strong>\u00a0MADRID INTERNET OF THINGS INSTITUTE S.L. , sociedad espa\u00f1ola (en adelante MIOTI)<\/p>\n<p><strong>Domicilio:<\/strong>\u00a0C\/Rufino Gonz\u00e1lez 25, 28037, Madrid<\/p>\n<p><strong>CIF<\/strong>: B-87919296<\/p>\n<p><strong>Contacto:<\/strong>\u00a0info@mioti.es<\/p>\n<h3>T\u00e9rminos y Condiciones de uso<\/h3>\n<p>Los t\u00e9rminos y condiciones recogidos en el presente Aviso Legal ser\u00e1n de aplicaci\u00f3n a todas aquellas p\u00e1ginas que figuran dentro del Mapa del Sitio, que son las \u00fanicas comprendidas en esta P\u00e1gina Web.<\/p>\n<p>El acceso a esta P\u00e1gina Web es responsabilidad exclusiva de los Usuarios y supone aceptar los presentes t\u00e9rminos y condiciones de uso.<\/p>\n<p>El Usuario debe realizar un uso l\u00edcito de la presente P\u00e1gina Web y sus servicios de acuerdo a los presentes t\u00e9rminos y condiciones de uso y a la legalidad vigente.<\/p>\n<p>MIOTI podr\u00e1 modificar unilateralmente los t\u00e9rminos y condiciones de uso de esta P\u00e1gina Web mediante su publicaci\u00f3n en este aviso legal, y producir\u00e1n efectos desde el mismo momento de su publicaci\u00f3n.<\/p>\n<h3>Navegaci\u00f3n.<\/h3>\n<p>MIOTI no se responsabiliza ni garantiza que el acceso a la P\u00e1gina Web sea ininterrumpido o que est\u00e9 libre de error. Tampoco se responsabiliza o garantiza que el contenido o software al que pueda accederse a trav\u00e9s de la P\u00e1gina Web, est\u00e9 libre de error o cause un da\u00f1o. En ning\u00fan caso, MIOTI ser\u00e1 responsable por las p\u00e9rdidas, da\u00f1os o perjuicios de cualquier tipo que surjan por el acceso y navegaci\u00f3n por la P\u00e1gina Web, incluy\u00e9ndose pero no limit\u00e1ndose, a los ocasionados a los sistemas inform\u00e1ticos o los provocados por la introducci\u00f3n de virus.<\/p>\n<p>MIOTI no se hace responsable de los da\u00f1os que pudiesen ocasionarse a los Usuarios por un uso inadecuado de la P\u00e1gina Web. En particular, no se hace responsable en modo alguno de las ca\u00eddas, interrupciones, falta o defecto de las telecomunicaciones que pudieran ocurrir mientras el Usuario navega por ella.<\/p>\n<h3>Acceso y seguridad.<\/h3>\n<p>El acceso a los servicios transaccionales y aquellos que incluyen la captura de datos personales se realiza en un entorno seguro utilizando protocolo SSL (Secure Socker Layer) de 128 bits. El servidor seguro establece una conexi\u00f3n de modo que la informaci\u00f3n se transmite cifrada. Esto asegura que el contenido transmitido es s\u00f3lo inteligible para el ordenador cliente y el servidor de MIOTI. El Usuario puede comprobar que se encuentra dentro de un entorno seguro si en la barra de estado de su navegador aparece un candado cerrado. La garant\u00eda de seguridad de nuestros servidores viene respaldada por un certificado expedido nuestro proveedor de servicios Web. Este certificado garantiza que el cliente est\u00e1 comunicando sus datos a un servidor de MIOTI y no a un tercero que intentara hacerse pasar por \u00e9sta.<\/p>\n<h3>Contenidos.<\/h3>\n<p>MIOTI realiza los m\u00e1ximos esfuerzos para evitar cualquier error en los contenidos que pudieran aparecer en la P\u00e1gina Web.<\/p>\n<p>MIOTI no garantiza, ni se responsabiliza de las consecuencias que pudieran derivarse de los errores en los contenidos que pudieran aparecer en la P\u00e1gina Web.<\/p>\n<h3>Actualidad y Modificaciones en la P\u00e1gina Web.<\/h3>\n<p>La informaci\u00f3n que aparece en la P\u00e1gina Web es la vigente en la fecha de su \u00faltima actualizaci\u00f3n. MIOTI no se hace responsable de la actualidad e idoneidad de las informaciones contenidas en la misma.<\/p>\n<p>No se podr\u00e1 alterar, cambiar, modificar, o adaptar la P\u00e1gina Web por parte del Usuario. MIOTI se reserva la facultad de efectuar cuantas actualizaciones, cambios y modificaciones estime convenientes, pudiendo hacer uso de tal facultad en cualquier momento y sin previo aviso.<\/p>\n<p>MIOTI se reserva la facultad de modificar unilateralmente las condiciones y t\u00e9rminos de uso de la P\u00e1gina Web, incluyendo el presente Aviso Legal.<\/p>\n<h3>Blog y Foros de Opini\u00f3n<\/h3>\n<p>Los mensajes, comentarios, datos u opiniones vertidas en el Blog o foros de opini\u00f3n que puedan habilitarse en la P\u00e1gina Web son almacenados tal cual, para el \u00fanico servicio al que est\u00e1n destinados, que es el de informar, opinar y servir de contacto entre Usuarios. MIOTI no se hace responsable ni se identifica con los comentarios u opiniones vertidas en los foros por parte de ning\u00fan Usuario.<\/p>\n<p>No se admitir\u00e1n intervenciones en el Blog o en dlos foros con referencias a temas racistas o sexistas, ni se admitir\u00e1 ninguna intervenci\u00f3n que derive en aspectos personales, ya sea mediante insultos, comentarios, cr\u00edticas no constructivas o meras alusiones que puedan atentar contra el derecho a la privacidad de los Usuarios de esta web o de personas o entidades ajenas a ella. Cualquier Usuario podr\u00e1 informar de la existencia de este tipo de intervenciones informando en info@mioti.es<\/p>\n<p>No est\u00e1 permitido hacer uso del Blog o foro para realizar spam, publicidad off-topic, captar direcciones de e-mail o cualquier tipo de acci\u00f3n ilegal.<\/p>\n<p>La responsabilidad sobre la informaci\u00f3n y sobre las actividades llevadas a cabo en el foro son exclusivamente del Usuario, eximiendo a MIOTI de cualquier responsabilidad que tengan origen en las mismas si estas son il\u00edcitas o lesionan bienes o derechos de un tercero. MIOTI se reserva el derecho de anular, cancelar, borrar cualquier comentario o denegar el acceso a cualquier Usuario que incumpla esta normativa o sea ilegal. No obstante, de conformidad con el art\u00edculo 16 de la Ley 34\/2002, de 11 de julio, de Servicios de la Sociedad de la Informaci\u00f3n y de Comercio Electr\u00f3nico, MIOTI no es responsable por la informaci\u00f3n o comentarios incluidos por los Usuarios.<\/p>\n<p>Cuando MIOTI tenga conocimiento efectivo de que la actividad o la informaci\u00f3n almacenada es il\u00edcita o de que lesiona bienes o derechos de un tercero los retirar\u00e1 de manera inmediata.<\/p>\n<p>Est\u00e1 prohibida la reproducci\u00f3n de los contenidos del Blog o foro de opini\u00f3n sin previa autorizaci\u00f3n.<\/p>\n<h3>Propiedad Intelectual e Industrial.<\/h3>\n<p>Esta P\u00e1gina Web, su c\u00f3digo fuente y los contenidos que se encuentran protegidos por la Ley de Propiedad Intelectual. No podr\u00e1n ser objeto de explotaci\u00f3n, reproducci\u00f3n, distribuci\u00f3n, modificaci\u00f3n, comunicaci\u00f3n p\u00fablica, cesi\u00f3n o transformaci\u00f3n, salvo que medie autorizaci\u00f3n expresa de los titulares de los derechos.<\/p>\n<p>El dise\u00f1o, im\u00e1genes, r\u00f3tulos, signos distintivos, nombre comercial, las marcas, logos, productos y servicios que contiene esta P\u00e1gina Web se encuentran protegidos por ley de Propiedad Industrial.<\/p>\n<p>MIOTI es titular o licenciatario de todos los derechos sobre el contenido de esta P\u00e1gina Web y posee leg\u00edtimamente en exclusiva los derechos de explotaci\u00f3n sobre los mismos, salvo aqu\u00e9llos derechos de determinados proveedores con las que se haya firmado el correspondiente contrato para la provisi\u00f3n de contenidos y est\u00e1n protegidos por las normas nacionales e internacionales de propiedad intelectual e industrial y les ser\u00e1n de aplicaci\u00f3n, igualmente, las presentes condiciones.<\/p>\n<p>El acceso a esta P\u00e1gina Web no otorga a los Usuarios derecho, ni titularidad alguna sobre los derechos de propiedad intelectual o industrial ni de los contenidos que alberga. Los Usuarios que accedan a esta P\u00e1gina Web no podr\u00e1n copiar, modificar, distribuir, transmitir, reproducir, publicar, ceder ni vender los elementos anteriormente mencionados o crear nuevos productos o servicios derivados de la informaci\u00f3n obtenida sin que medie autorizaci\u00f3n expresa y por escrito de los titulares de los derechos.<\/p>\n<p>Queda terminantemente prohibida la alteraci\u00f3n del contenido o estructura de esta P\u00e1gina Web por parte del Usuario.<\/p>\n<p>MIOTI se reserva la posibilidad de ejercer las acciones judiciales que correspondan contra los Usuarios que violen o infrinjan los derechos de propiedad intelectual e industrial.<\/p>\n<h3>Hiperv\u00ednculos.<\/h3>\n<p>La P\u00e1gina Web podr\u00e1 incorporar enlaces de acceso (hiperv\u00ednculos o links) a otras p\u00e1ginas web de las que MIOTI no es titular. En ning\u00fan caso, dicha posibilidad implicar\u00e1 la existencia de relaci\u00f3n entre MIOTI y el titular de la P\u00e1gina Web a la que dicho hiperv\u00ednculo redirige, ni siquiera su aprobaci\u00f3n o aceptaci\u00f3n. MIOTI tampoco ser\u00e1 responsable de la licitud de los contenidos vertidos en la misma.<\/p>\n<p>Cualquier otra P\u00e1gina Web tendr\u00e1 prohibida la incorporaci\u00f3n de un hiperv\u00ednculo a la P\u00e1gina Web de MIOTI, sin su expresa autorizaci\u00f3n. En cualquier caso, dicha autorizaci\u00f3n implicar\u00e1 que el hiperv\u00ednculo no se haga de forma que perjudique la imagen p\u00fablica y de marca de MIOTI o de la propia P\u00e1gina Web, as\u00ed como de los terceros que aparezcan referenciados en \u00e9sta.<\/p>\n<p>MIOTI retirar\u00e1 cualquier enlace en cuanto tenga conocimiento por cualquier medio de la ilicitud de su contenido o de que desde los mismos se lesionan bienes o derechos de un tercero.<\/p>\n<h3>Pol\u00edtica de Privacidad de la P\u00e1gina Web.<\/h3>\n<p>Para m\u00e1s informaci\u00f3n sobre nuestra pol\u00edtica de protecci\u00f3n de datos y privacidad consulte nuestra Pol\u00edtica de Privacidad<\/p>\n<h3>Uso de Cookies<\/h3>\n<p>Para la utilizaci\u00f3n de nuestro sitio Web es necesaria la utilizaci\u00f3n de cookies. Las cookies se utilizan con la finalidad de facilitar la navegaci\u00f3n y ofrecer un servicio personalizado y m\u00e1s \u00e1gil as\u00ed como una herramienta estad\u00edstica para obtener datos estad\u00edsticos del uso de la web. En ning\u00fan caso se utilizan para almacenar informaci\u00f3n que pueda identificar al Usuario. Para m\u00e1s informaci\u00f3n, consulte nuestra Pol\u00edtica de Cookies<\/p>\n<h3>Legislaci\u00f3n Aplicable y Jurisdicci\u00f3n Competente.<\/h3>\n<p>Los t\u00e9rminos y condiciones que rigen la P\u00e1gina Web y todas las relaciones que pudieran derivarse se encuentran salvaguardadas por la legislaci\u00f3n espa\u00f1ola.<\/p>\n<p>Cualquier controversia que pudiera derivarse del acceso o la utilizaci\u00f3n de la P\u00e1gina Web se somete a la exclusiva jurisdicci\u00f3n de los Juzgados y Tribunales de Madrid (Espa\u00f1a).<\/p>\n","protected":false},"excerpt":{"rendered":"<p>El presente Aviso Legal establece las condiciones de uso de la P\u00e1gina Web www.mioti.es\/es, (en adelante la P\u00e1gina Web). La utilizaci\u00f3n de la misma atribuye al navegante la condici\u00f3n de Usuario, lo que implica la adhesi\u00f3n y compromiso de cumplimiento de todas y cada una de las condiciones contenidas en este Aviso Legal, en la [&hellip;]<\/p>\n","protected":false},"author":6,"featured_media":0,"parent":0,"menu_order":0,"comment_status":"closed","ping_status":"closed","template":"","meta":{"_acf_changed":false,"_joinchat":[],"footnotes":""},"class_list":["post-430","page","type-page","status-publish","hentry"],"acf":[],"yoast_head":"<!-- This site is optimized with the Yoast SEO Premium plugin v26.2 (Yoast SEO v27.3) - https:\/\/yoast.com\/product\/yoast-seo-premium-wordpress\/ -->\n<title>Aviso Legal | MIOTI<\/title>\n<meta name=\"robots\" content=\"noindex, follow\" \/>\n<meta property=\"og:locale\" content=\"es_ES\" \/>\n<meta property=\"og:type\" content=\"article\" \/>\n<meta property=\"og:title\" content=\"Aviso Legal\" \/>\n<meta property=\"og:description\" content=\"El presente Aviso Legal establece las condiciones de uso de la P\u00e1gina Web www.mioti.es\/es, (en adelante la P\u00e1gina Web). La utilizaci\u00f3n de la misma atribuye al navegante la condici\u00f3n de Usuario, lo que implica la adhesi\u00f3n y compromiso de cumplimiento de todas y cada una de las condiciones contenidas en este Aviso Legal, en la [&hellip;]\" \/>\n<meta property=\"og:url\" content=\"https:\/\/mioti.es\/es\/aviso-legal\/\" \/>\n<meta property=\"og:site_name\" content=\"MIOTI\" \/>\n<meta property=\"article:publisher\" content=\"https:\/\/www.facebook.com\/MIOTISchool\" \/>\n<meta property=\"og:image\" content=\"https:\/\/mioti.es\/wp-content\/uploads\/2023\/09\/09-20-Nuevo-Campus_Miniatura-blog.webp\" \/>\n\t<meta property=\"og:image:width\" content=\"579\" \/>\n\t<meta property=\"og:image:height\" content=\"433\" \/>\n\t<meta property=\"og:image:type\" content=\"image\/webp\" \/>\n<meta name=\"twitter:card\" content=\"summary_large_image\" \/>\n<meta name=\"twitter:site\" content=\"@MyMioti\" \/>\n<meta name=\"twitter:label1\" content=\"Tiempo de lectura\" \/>\n\t<meta name=\"twitter:data1\" content=\"9 minutos\" \/>\n<script type=\"application\/ld+json\" class=\"yoast-schema-graph\">{\"@context\":\"https:\\\/\\\/schema.org\",\"@graph\":[{\"@type\":\"WebPage\",\"@id\":\"https:\\\/\\\/mioti.es\\\/es\\\/aviso-legal\\\/\",\"url\":\"https:\\\/\\\/mioti.es\\\/es\\\/aviso-legal\\\/\",\"name\":\"Aviso Legal | MIOTI\",\"isPartOf\":{\"@id\":\"https:\\\/\\\/mioti.es\\\/es\\\/#website\"},\"datePublished\":\"2022-02-23T09:44:08+00:00\",\"breadcrumb\":{\"@id\":\"https:\\\/\\\/mioti.es\\\/es\\\/aviso-legal\\\/#breadcrumb\"},\"inLanguage\":\"es\",\"potentialAction\":[{\"@type\":\"ReadAction\",\"target\":[\"https:\\\/\\\/mioti.es\\\/es\\\/aviso-legal\\\/\"]}]},{\"@type\":\"BreadcrumbList\",\"@id\":\"https:\\\/\\\/mioti.es\\\/es\\\/aviso-legal\\\/#breadcrumb\",\"itemListElement\":[{\"@type\":\"ListItem\",\"position\":1,\"name\":\"Home\",\"item\":\"https:\\\/\\\/mioti.es\\\/es\\\/\"},{\"@type\":\"ListItem\",\"position\":2,\"name\":\"Aviso Legal\"}]},{\"@type\":\"WebSite\",\"@id\":\"https:\\\/\\\/mioti.es\\\/es\\\/#website\",\"url\":\"https:\\\/\\\/mioti.es\\\/es\\\/\",\"name\":\"MIOTI Tech & Business School\",\"description\":\"Tech &amp; Business School\",\"publisher\":{\"@id\":\"https:\\\/\\\/mioti.es\\\/es\\\/#organization\"},\"alternateName\":\"MIOTI\",\"potentialAction\":[{\"@type\":\"SearchAction\",\"target\":{\"@type\":\"EntryPoint\",\"urlTemplate\":\"https:\\\/\\\/mioti.es\\\/es\\\/?s={search_term_string}\"},\"query-input\":{\"@type\":\"PropertyValueSpecification\",\"valueRequired\":true,\"valueName\":\"search_term_string\"}}],\"inLanguage\":\"es\"},{\"@type\":\"Organization\",\"@id\":\"https:\\\/\\\/mioti.es\\\/es\\\/#organization\",\"name\":\"MIOTI Tech & Business School\",\"alternateName\":\"MIOTI\",\"url\":\"https:\\\/\\\/mioti.es\\\/es\\\/\",\"logo\":{\"@type\":\"ImageObject\",\"inLanguage\":\"es\",\"@id\":\"https:\\\/\\\/mioti.es\\\/es\\\/#\\\/schema\\\/logo\\\/image\\\/\",\"url\":\"https:\\\/\\\/mioti.es\\\/wp-content\\\/uploads\\\/2023\\\/09\\\/logo-fondo-rosa-1.webp\",\"contentUrl\":\"https:\\\/\\\/mioti.es\\\/wp-content\\\/uploads\\\/2023\\\/09\\\/logo-fondo-rosa-1.webp\",\"width\":696,\"height\":696,\"caption\":\"MIOTI Tech & Business School\"},\"image\":{\"@id\":\"https:\\\/\\\/mioti.es\\\/es\\\/#\\\/schema\\\/logo\\\/image\\\/\"},\"sameAs\":[\"https:\\\/\\\/www.facebook.com\\\/MIOTISchool\",\"https:\\\/\\\/x.com\\\/MyMioti\",\"https:\\\/\\\/www.instagram.com\\\/mioti_school\\\/\",\"https:\\\/\\\/www.linkedin.com\\\/school\\\/mioti\\\/\"]}]}<\/script>\n<!-- \/ Yoast SEO Premium plugin. -->","yoast_head_json":{"title":"Aviso Legal | MIOTI","robots":{"index":"noindex","follow":"follow"},"og_locale":"es_ES","og_type":"article","og_title":"Aviso Legal","og_description":"El presente Aviso Legal establece las condiciones de uso de la P\u00e1gina Web www.mioti.es\/es, (en adelante la P\u00e1gina Web). La utilizaci\u00f3n de la misma atribuye al navegante la condici\u00f3n de Usuario, lo que implica la adhesi\u00f3n y compromiso de cumplimiento de todas y cada una de las condiciones contenidas en este Aviso Legal, en la [&hellip;]","og_url":"https:\/\/mioti.es\/es\/aviso-legal\/","og_site_name":"MIOTI","article_publisher":"https:\/\/www.facebook.com\/MIOTISchool","og_image":[{"width":579,"height":433,"url":"https:\/\/mioti.es\/wp-content\/uploads\/2023\/09\/09-20-Nuevo-Campus_Miniatura-blog.webp","type":"image\/webp"}],"twitter_card":"summary_large_image","twitter_site":"@MyMioti","twitter_misc":{"Tiempo de lectura":"9 minutos"},"schema":{"@context":"https:\/\/schema.org","@graph":[{"@type":"WebPage","@id":"https:\/\/mioti.es\/es\/aviso-legal\/","url":"https:\/\/mioti.es\/es\/aviso-legal\/","name":"Aviso Legal | MIOTI","isPartOf":{"@id":"https:\/\/mioti.es\/es\/#website"},"datePublished":"2022-02-23T09:44:08+00:00","breadcrumb":{"@id":"https:\/\/mioti.es\/es\/aviso-legal\/#breadcrumb"},"inLanguage":"es","potentialAction":[{"@type":"ReadAction","target":["https:\/\/mioti.es\/es\/aviso-legal\/"]}]},{"@type":"BreadcrumbList","@id":"https:\/\/mioti.es\/es\/aviso-legal\/#breadcrumb","itemListElement":[{"@type":"ListItem","position":1,"name":"Home","item":"https:\/\/mioti.es\/es\/"},{"@type":"ListItem","position":2,"name":"Aviso Legal"}]},{"@type":"WebSite","@id":"https:\/\/mioti.es\/es\/#website","url":"https:\/\/mioti.es\/es\/","name":"MIOTI Tech & Business School","description":"Tech &amp; Business School","publisher":{"@id":"https:\/\/mioti.es\/es\/#organization"},"alternateName":"MIOTI","potentialAction":[{"@type":"SearchAction","target":{"@type":"EntryPoint","urlTemplate":"https:\/\/mioti.es\/es\/?s={search_term_string}"},"query-input":{"@type":"PropertyValueSpecification","valueRequired":true,"valueName":"search_term_string"}}],"inLanguage":"es"},{"@type":"Organization","@id":"https:\/\/mioti.es\/es\/#organization","name":"MIOTI Tech & Business School","alternateName":"MIOTI","url":"https:\/\/mioti.es\/es\/","logo":{"@type":"ImageObject","inLanguage":"es","@id":"https:\/\/mioti.es\/es\/#\/schema\/logo\/image\/","url":"https:\/\/mioti.es\/wp-content\/uploads\/2023\/09\/logo-fondo-rosa-1.webp","contentUrl":"https:\/\/mioti.es\/wp-content\/uploads\/2023\/09\/logo-fondo-rosa-1.webp","width":696,"height":696,"caption":"MIOTI Tech & Business School"},"image":{"@id":"https:\/\/mioti.es\/es\/#\/schema\/logo\/image\/"},"sameAs":["https:\/\/www.facebook.com\/MIOTISchool","https:\/\/x.com\/MyMioti","https:\/\/www.instagram.com\/mioti_school\/","https:\/\/www.linkedin.com\/school\/mioti\/"]}]}},"_links":{"self":[{"href":"https:\/\/mioti.es\/es\/wp-json\/wp\/v2\/pages\/430","targetHints":{"allow":["GET"]}}],"collection":[{"href":"https:\/\/mioti.es\/es\/wp-json\/wp\/v2\/pages"}],"about":[{"href":"https:\/\/mioti.es\/es\/wp-json\/wp\/v2\/types\/page"}],"author":[{"embeddable":true,"href":"https:\/\/mioti.es\/es\/wp-json\/wp\/v2\/users\/6"}],"replies":[{"embeddable":true,"href":"https:\/\/mioti.es\/es\/wp-json\/wp\/v2\/comments?post=430"}],"version-history":[{"count":1,"href":"https:\/\/mioti.es\/es\/wp-json\/wp\/v2\/pages\/430\/revisions"}],"predecessor-version":[{"id":431,"href":"https:\/\/mioti.es\/es\/wp-json\/wp\/v2\/pages\/430\/revisions\/431"}],"wp:attachment":[{"href":"https:\/\/mioti.es\/es\/wp-json\/wp\/v2\/media?parent=430"}],"curies":[{"name":"wp","href":"https:\/\/api.w.org\/{rel}","templated":true}]}}