{"id":37418,"date":"2024-06-17T15:59:56","date_gmt":"2024-06-17T15:59:56","guid":{"rendered":"https:\/\/mioti.es\/?page_id=37418"},"modified":"2024-07-09T15:19:14","modified_gmt":"2024-07-09T15:19:14","slug":"inteligencia-artificial-gestion-del-talento-digital","status":"publish","type":"page","link":"https:\/\/mioti.es\/es\/inteligencia-artificial-gestion-del-talento-digital\/","title":{"rendered":"Inteligencia Artificial y gesti\u00f3n de talento digital"},"content":{"rendered":"","protected":false},"excerpt":{"rendered":"","protected":false},"author":3,"featured_media":37429,"parent":0,"menu_order":0,"comment_status":"closed","ping_status":"closed","template":"template-landing.php","meta":{"_acf_changed":false,"_joinchat":[],"footnotes":""},"class_list":["post-37418","page","type-page","status-publish","has-post-thumbnail","hentry"],"acf":[],"yoast_head":"<!-- This site is optimized with the Yoast SEO Premium plugin v26.2 (Yoast SEO v27.3) - https:\/\/yoast.com\/product\/yoast-seo-premium-wordpress\/ -->\n<title>Inteligencia Artificial y gesti\u00f3n de talento digital<\/title>\n<meta name=\"description\" content=\"Descarga el informe de la II Edici\u00f3n del &#039;Data Talent Innovation Summit&#039;, una jornada que reuni\u00f3 a m\u00e1s de 70 expertos en RRHH y tecnolog\u00eda.\" \/>\n<meta name=\"robots\" content=\"noindex, follow\" \/>\n<meta property=\"og:locale\" content=\"es_ES\" \/>\n<meta property=\"og:type\" content=\"article\" \/>\n<meta property=\"og:title\" content=\"Inteligencia Artificial y gesti\u00f3n de talento digital\" \/>\n<meta property=\"og:description\" content=\"Descarga el informe de la II Edici\u00f3n del &#039;Data Talent Innovation Summit&#039;, una jornada que reuni\u00f3 a m\u00e1s de 70 expertos en RRHH y tecnolog\u00eda.\" \/>\n<meta property=\"og:url\" content=\"https:\/\/mioti.es\/es\/inteligencia-artificial-gestion-del-talento-digital\/\" \/>\n<meta property=\"og:site_name\" content=\"MIOTI\" \/>\n<meta property=\"article:publisher\" content=\"https:\/\/www.facebook.com\/MIOTISchool\" \/>\n<meta property=\"article:modified_time\" content=\"2024-07-09T15:19:14+00:00\" \/>\n<meta property=\"og:image\" content=\"https:\/\/mioti.es\/wp-content\/uploads\/2024\/07\/Campana-Paper_Share-Link.jpg\" \/>\n\t<meta property=\"og:image:width\" content=\"1200\" \/>\n\t<meta property=\"og:image:height\" content=\"675\" \/>\n\t<meta property=\"og:image:type\" content=\"image\/jpeg\" \/>\n<meta name=\"twitter:card\" content=\"summary_large_image\" \/>\n<meta name=\"twitter:description\" content=\"Descubre la forma m\u00e1s efectiva de atraer y retener al Talento Tech con el informe de MIOTI, creado en colaboraci\u00f3n con l\u00edderes de RR.HH.\" \/>\n<meta name=\"twitter:image\" content=\"https:\/\/mioti.es\/wp-content\/uploads\/2023\/05\/Artboard-1-copy-17-1.png\" \/>\n<meta name=\"twitter:site\" content=\"@MyMioti\" \/>\n<meta name=\"twitter:label1\" content=\"Tiempo de lectura\" \/>\n\t<meta name=\"twitter:data1\" content=\"1 minuto\" \/>\n<script type=\"application\/ld+json\" class=\"yoast-schema-graph\">{\"@context\":\"https:\\\/\\\/schema.org\",\"@graph\":[{\"@type\":\"WebPage\",\"@id\":\"https:\\\/\\\/mioti.es\\\/es\\\/inteligencia-artificial-gestion-del-talento-digital\\\/\",\"url\":\"https:\\\/\\\/mioti.es\\\/es\\\/inteligencia-artificial-gestion-del-talento-digital\\\/\",\"name\":\"Inteligencia Artificial y gesti\u00f3n de talento digital\",\"isPartOf\":{\"@id\":\"https:\\\/\\\/mioti.es\\\/es\\\/#website\"},\"primaryImageOfPage\":{\"@id\":\"https:\\\/\\\/mioti.es\\\/es\\\/inteligencia-artificial-gestion-del-talento-digital\\\/#primaryimage\"},\"image\":{\"@id\":\"https:\\\/\\\/mioti.es\\\/es\\\/inteligencia-artificial-gestion-del-talento-digital\\\/#primaryimage\"},\"thumbnailUrl\":\"https:\\\/\\\/mioti.es\\\/wp-content\\\/uploads\\\/2024\\\/06\\\/Data-Talent_Landing-Vertical.webp\",\"datePublished\":\"2024-06-17T15:59:56+00:00\",\"dateModified\":\"2024-07-09T15:19:14+00:00\",\"description\":\"Descarga el informe de la II Edici\u00f3n del 'Data Talent Innovation Summit', una jornada que reuni\u00f3 a m\u00e1s de 70 expertos en RRHH y tecnolog\u00eda.\",\"breadcrumb\":{\"@id\":\"https:\\\/\\\/mioti.es\\\/es\\\/inteligencia-artificial-gestion-del-talento-digital\\\/#breadcrumb\"},\"inLanguage\":\"es\",\"potentialAction\":[{\"@type\":\"ReadAction\",\"target\":[\"https:\\\/\\\/mioti.es\\\/es\\\/inteligencia-artificial-gestion-del-talento-digital\\\/\"]}]},{\"@type\":\"ImageObject\",\"inLanguage\":\"es\",\"@id\":\"https:\\\/\\\/mioti.es\\\/es\\\/inteligencia-artificial-gestion-del-talento-digital\\\/#primaryimage\",\"url\":\"https:\\\/\\\/mioti.es\\\/wp-content\\\/uploads\\\/2024\\\/06\\\/Data-Talent_Landing-Vertical.webp\",\"contentUrl\":\"https:\\\/\\\/mioti.es\\\/wp-content\\\/uploads\\\/2024\\\/06\\\/Data-Talent_Landing-Vertical.webp\",\"width\":721,\"height\":1271,\"caption\":\"Data Talent_Landing Vertical\"},{\"@type\":\"BreadcrumbList\",\"@id\":\"https:\\\/\\\/mioti.es\\\/es\\\/inteligencia-artificial-gestion-del-talento-digital\\\/#breadcrumb\",\"itemListElement\":[{\"@type\":\"ListItem\",\"position\":1,\"name\":\"Home\",\"item\":\"https:\\\/\\\/mioti.es\\\/es\\\/\"},{\"@type\":\"ListItem\",\"position\":2,\"name\":\"Inteligencia Artificial y gesti\u00f3n de talento digital\"}]},{\"@type\":\"WebSite\",\"@id\":\"https:\\\/\\\/mioti.es\\\/es\\\/#website\",\"url\":\"https:\\\/\\\/mioti.es\\\/es\\\/\",\"name\":\"MIOTI Tech & Business School\",\"description\":\"Tech &amp; Business School\",\"publisher\":{\"@id\":\"https:\\\/\\\/mioti.es\\\/es\\\/#organization\"},\"alternateName\":\"MIOTI\",\"potentialAction\":[{\"@type\":\"SearchAction\",\"target\":{\"@type\":\"EntryPoint\",\"urlTemplate\":\"https:\\\/\\\/mioti.es\\\/es\\\/?s={search_term_string}\"},\"query-input\":{\"@type\":\"PropertyValueSpecification\",\"valueRequired\":true,\"valueName\":\"search_term_string\"}}],\"inLanguage\":\"es\"},{\"@type\":\"Organization\",\"@id\":\"https:\\\/\\\/mioti.es\\\/es\\\/#organization\",\"name\":\"MIOTI Tech & Business School\",\"alternateName\":\"MIOTI\",\"url\":\"https:\\\/\\\/mioti.es\\\/es\\\/\",\"logo\":{\"@type\":\"ImageObject\",\"inLanguage\":\"es\",\"@id\":\"https:\\\/\\\/mioti.es\\\/es\\\/#\\\/schema\\\/logo\\\/image\\\/\",\"url\":\"https:\\\/\\\/mioti.es\\\/wp-content\\\/uploads\\\/2023\\\/09\\\/logo-fondo-rosa-1.webp\",\"contentUrl\":\"https:\\\/\\\/mioti.es\\\/wp-content\\\/uploads\\\/2023\\\/09\\\/logo-fondo-rosa-1.webp\",\"width\":696,\"height\":696,\"caption\":\"MIOTI Tech & Business School\"},\"image\":{\"@id\":\"https:\\\/\\\/mioti.es\\\/es\\\/#\\\/schema\\\/logo\\\/image\\\/\"},\"sameAs\":[\"https:\\\/\\\/www.facebook.com\\\/MIOTISchool\",\"https:\\\/\\\/x.com\\\/MyMioti\",\"https:\\\/\\\/www.instagram.com\\\/mioti_school\\\/\",\"https:\\\/\\\/www.linkedin.com\\\/school\\\/mioti\\\/\"]}]}<\/script>\n<!-- \/ Yoast SEO Premium plugin. -->","yoast_head_json":{"title":"Inteligencia Artificial y gesti\u00f3n de talento digital","description":"Descarga el informe de la II Edici\u00f3n del 'Data Talent Innovation Summit', una jornada que reuni\u00f3 a m\u00e1s de 70 expertos en RRHH y tecnolog\u00eda.","robots":{"index":"noindex","follow":"follow"},"og_locale":"es_ES","og_type":"article","og_title":"Inteligencia Artificial y gesti\u00f3n de talento digital","og_description":"Descarga el informe de la II Edici\u00f3n del 'Data Talent Innovation Summit', una jornada que reuni\u00f3 a m\u00e1s de 70 expertos en RRHH y tecnolog\u00eda.","og_url":"https:\/\/mioti.es\/es\/inteligencia-artificial-gestion-del-talento-digital\/","og_site_name":"MIOTI","article_publisher":"https:\/\/www.facebook.com\/MIOTISchool","article_modified_time":"2024-07-09T15:19:14+00:00","og_image":[{"width":1200,"height":675,"url":"https:\/\/mioti.es\/wp-content\/uploads\/2024\/07\/Campana-Paper_Share-Link.jpg","type":"image\/jpeg"}],"twitter_card":"summary_large_image","twitter_description":"Descubre la forma m\u00e1s efectiva de atraer y retener al Talento Tech con el informe de MIOTI, creado en colaboraci\u00f3n con l\u00edderes de RR.HH.","twitter_image":"https:\/\/mioti.es\/wp-content\/uploads\/2023\/05\/Artboard-1-copy-17-1.png","twitter_site":"@MyMioti","twitter_misc":{"Tiempo de lectura":"1 minuto"},"schema":{"@context":"https:\/\/schema.org","@graph":[{"@type":"WebPage","@id":"https:\/\/mioti.es\/es\/inteligencia-artificial-gestion-del-talento-digital\/","url":"https:\/\/mioti.es\/es\/inteligencia-artificial-gestion-del-talento-digital\/","name":"Inteligencia Artificial y gesti\u00f3n de talento digital","isPartOf":{"@id":"https:\/\/mioti.es\/es\/#website"},"primaryImageOfPage":{"@id":"https:\/\/mioti.es\/es\/inteligencia-artificial-gestion-del-talento-digital\/#primaryimage"},"image":{"@id":"https:\/\/mioti.es\/es\/inteligencia-artificial-gestion-del-talento-digital\/#primaryimage"},"thumbnailUrl":"https:\/\/mioti.es\/wp-content\/uploads\/2024\/06\/Data-Talent_Landing-Vertical.webp","datePublished":"2024-06-17T15:59:56+00:00","dateModified":"2024-07-09T15:19:14+00:00","description":"Descarga el informe de la II Edici\u00f3n del 'Data Talent Innovation Summit', una jornada que reuni\u00f3 a m\u00e1s de 70 expertos en RRHH y tecnolog\u00eda.","breadcrumb":{"@id":"https:\/\/mioti.es\/es\/inteligencia-artificial-gestion-del-talento-digital\/#breadcrumb"},"inLanguage":"es","potentialAction":[{"@type":"ReadAction","target":["https:\/\/mioti.es\/es\/inteligencia-artificial-gestion-del-talento-digital\/"]}]},{"@type":"ImageObject","inLanguage":"es","@id":"https:\/\/mioti.es\/es\/inteligencia-artificial-gestion-del-talento-digital\/#primaryimage","url":"https:\/\/mioti.es\/wp-content\/uploads\/2024\/06\/Data-Talent_Landing-Vertical.webp","contentUrl":"https:\/\/mioti.es\/wp-content\/uploads\/2024\/06\/Data-Talent_Landing-Vertical.webp","width":721,"height":1271,"caption":"Data Talent_Landing Vertical"},{"@type":"BreadcrumbList","@id":"https:\/\/mioti.es\/es\/inteligencia-artificial-gestion-del-talento-digital\/#breadcrumb","itemListElement":[{"@type":"ListItem","position":1,"name":"Home","item":"https:\/\/mioti.es\/es\/"},{"@type":"ListItem","position":2,"name":"Inteligencia Artificial y gesti\u00f3n de talento digital"}]},{"@type":"WebSite","@id":"https:\/\/mioti.es\/es\/#website","url":"https:\/\/mioti.es\/es\/","name":"MIOTI Tech & Business School","description":"Tech &amp; Business School","publisher":{"@id":"https:\/\/mioti.es\/es\/#organization"},"alternateName":"MIOTI","potentialAction":[{"@type":"SearchAction","target":{"@type":"EntryPoint","urlTemplate":"https:\/\/mioti.es\/es\/?s={search_term_string}"},"query-input":{"@type":"PropertyValueSpecification","valueRequired":true,"valueName":"search_term_string"}}],"inLanguage":"es"},{"@type":"Organization","@id":"https:\/\/mioti.es\/es\/#organization","name":"MIOTI Tech & Business School","alternateName":"MIOTI","url":"https:\/\/mioti.es\/es\/","logo":{"@type":"ImageObject","inLanguage":"es","@id":"https:\/\/mioti.es\/es\/#\/schema\/logo\/image\/","url":"https:\/\/mioti.es\/wp-content\/uploads\/2023\/09\/logo-fondo-rosa-1.webp","contentUrl":"https:\/\/mioti.es\/wp-content\/uploads\/2023\/09\/logo-fondo-rosa-1.webp","width":696,"height":696,"caption":"MIOTI Tech & Business School"},"image":{"@id":"https:\/\/mioti.es\/es\/#\/schema\/logo\/image\/"},"sameAs":["https:\/\/www.facebook.com\/MIOTISchool","https:\/\/x.com\/MyMioti","https:\/\/www.instagram.com\/mioti_school\/","https:\/\/www.linkedin.com\/school\/mioti\/"]}]}},"_links":{"self":[{"href":"https:\/\/mioti.es\/es\/wp-json\/wp\/v2\/pages\/37418","targetHints":{"allow":["GET"]}}],"collection":[{"href":"https:\/\/mioti.es\/es\/wp-json\/wp\/v2\/pages"}],"about":[{"href":"https:\/\/mioti.es\/es\/wp-json\/wp\/v2\/types\/page"}],"author":[{"embeddable":true,"href":"https:\/\/mioti.es\/es\/wp-json\/wp\/v2\/users\/3"}],"replies":[{"embeddable":true,"href":"https:\/\/mioti.es\/es\/wp-json\/wp\/v2\/comments?post=37418"}],"version-history":[{"count":9,"href":"https:\/\/mioti.es\/es\/wp-json\/wp\/v2\/pages\/37418\/revisions"}],"predecessor-version":[{"id":37707,"href":"https:\/\/mioti.es\/es\/wp-json\/wp\/v2\/pages\/37418\/revisions\/37707"}],"wp:featuredmedia":[{"embeddable":true,"href":"https:\/\/mioti.es\/es\/wp-json\/wp\/v2\/media\/37429"}],"wp:attachment":[{"href":"https:\/\/mioti.es\/es\/wp-json\/wp\/v2\/media?parent=37418"}],"curies":[{"name":"wp","href":"https:\/\/api.w.org\/{rel}","templated":true}]}}