{"id":33907,"date":"2023-10-26T17:39:28","date_gmt":"2023-10-26T17:39:28","guid":{"rendered":"https:\/\/mioti.es\/?page_id=33907"},"modified":"2023-10-26T17:39:28","modified_gmt":"2023-10-26T17:39:28","slug":"gracias-halloween-challenge","status":"publish","type":"page","link":"https:\/\/mioti.es\/es\/gracias-halloween-challenge\/","title":{"rendered":"\u00a1Gracias por participar!"},"content":{"rendered":"<p>En breve, recibir\u00e1s un correo electr\u00f3nico con la confirmaci\u00f3n de tu participaci\u00f3n en nuestro #MIOTIHalloweenChallenge. Si en unos minutos no lo has recibido, revisa tu bandeja de Spam \ud83d\ude0a<\/p>\n","protected":false},"excerpt":{"rendered":"<p>En breve, recibir\u00e1s un correo electr\u00f3nico con la confirmaci\u00f3n de tu participaci\u00f3n en nuestro #MIOTIHalloweenChallenge. Si en unos minutos no lo has recibido, revisa tu bandeja de Spam \ud83d\ude0a<\/p>\n","protected":false},"author":11,"featured_media":665,"parent":0,"menu_order":0,"comment_status":"closed","ping_status":"closed","template":"template-gracias.php","meta":{"_acf_changed":false,"_joinchat":[],"footnotes":""},"class_list":["post-33907","page","type-page","status-publish","has-post-thumbnail","hentry"],"acf":[],"yoast_head":"<!-- This site is optimized with the Yoast SEO Premium plugin v26.2 (Yoast SEO v27.2) - https:\/\/yoast.com\/product\/yoast-seo-premium-wordpress\/ -->\n<title>\u00a1Gracias por participar! | MIOTI<\/title>\n<meta name=\"robots\" content=\"noindex, follow\" \/>\n<meta property=\"og:locale\" content=\"es_ES\" \/>\n<meta property=\"og:type\" content=\"article\" \/>\n<meta property=\"og:title\" content=\"\u00a1Gracias por participar!\" \/>\n<meta property=\"og:description\" content=\"En breve, recibir\u00e1s un correo electr\u00f3nico con la confirmaci\u00f3n de tu participaci\u00f3n en nuestro #MIOTIHalloweenChallenge. Si en unos minutos no lo has recibido, revisa tu bandeja de Spam \ud83d\ude0a\" \/>\n<meta property=\"og:url\" content=\"https:\/\/mioti.es\/es\/gracias-halloween-challenge\/\" \/>\n<meta property=\"og:site_name\" content=\"MIOTI\" \/>\n<meta property=\"article:publisher\" content=\"https:\/\/www.facebook.com\/MIOTISchool\" \/>\n<meta property=\"og:image\" content=\"https:\/\/mioti.es\/wp-content\/uploads\/2022\/03\/portada-prog-12.jpg\" \/>\n\t<meta property=\"og:image:width\" content=\"1680\" \/>\n\t<meta property=\"og:image:height\" content=\"960\" \/>\n\t<meta property=\"og:image:type\" content=\"image\/jpeg\" \/>\n<meta name=\"twitter:card\" content=\"summary_large_image\" \/>\n<meta name=\"twitter:site\" content=\"@MyMioti\" \/>\n<meta name=\"twitter:label1\" content=\"Tiempo de lectura\" \/>\n\t<meta name=\"twitter:data1\" content=\"1 minuto\" \/>\n<script type=\"application\/ld+json\" class=\"yoast-schema-graph\">{\"@context\":\"https:\/\/schema.org\",\"@graph\":[{\"@type\":\"WebPage\",\"@id\":\"https:\/\/mioti.es\/es\/gracias-halloween-challenge\/\",\"url\":\"https:\/\/mioti.es\/es\/gracias-halloween-challenge\/\",\"name\":\"\u00a1Gracias por participar! | MIOTI\",\"isPartOf\":{\"@id\":\"https:\/\/mioti.es\/es\/#website\"},\"primaryImageOfPage\":{\"@id\":\"https:\/\/mioti.es\/es\/gracias-halloween-challenge\/#primaryimage\"},\"image\":{\"@id\":\"https:\/\/mioti.es\/es\/gracias-halloween-challenge\/#primaryimage\"},\"thumbnailUrl\":\"https:\/\/mioti.es\/wp-content\/uploads\/2022\/03\/portada-prog-12.jpg\",\"datePublished\":\"2023-10-26T17:39:28+00:00\",\"breadcrumb\":{\"@id\":\"https:\/\/mioti.es\/es\/gracias-halloween-challenge\/#breadcrumb\"},\"inLanguage\":\"es\",\"potentialAction\":[{\"@type\":\"ReadAction\",\"target\":[\"https:\/\/mioti.es\/es\/gracias-halloween-challenge\/\"]}]},{\"@type\":\"ImageObject\",\"inLanguage\":\"es\",\"@id\":\"https:\/\/mioti.es\/es\/gracias-halloween-challenge\/#primaryimage\",\"url\":\"https:\/\/mioti.es\/wp-content\/uploads\/2022\/03\/portada-prog-12.jpg\",\"contentUrl\":\"https:\/\/mioti.es\/wp-content\/uploads\/2022\/03\/portada-prog-12.jpg\",\"width\":1680,\"height\":960},{\"@type\":\"BreadcrumbList\",\"@id\":\"https:\/\/mioti.es\/es\/gracias-halloween-challenge\/#breadcrumb\",\"itemListElement\":[{\"@type\":\"ListItem\",\"position\":1,\"name\":\"Home\",\"item\":\"https:\/\/mioti.es\/es\/\"},{\"@type\":\"ListItem\",\"position\":2,\"name\":\"\u00a1Gracias por participar!\"}]},{\"@type\":\"WebSite\",\"@id\":\"https:\/\/mioti.es\/es\/#website\",\"url\":\"https:\/\/mioti.es\/es\/\",\"name\":\"MIOTI Tech & Business School\",\"description\":\"Tech &amp; Business School\",\"publisher\":{\"@id\":\"https:\/\/mioti.es\/es\/#organization\"},\"alternateName\":\"MIOTI\",\"potentialAction\":[{\"@type\":\"SearchAction\",\"target\":{\"@type\":\"EntryPoint\",\"urlTemplate\":\"https:\/\/mioti.es\/es\/?s={search_term_string}\"},\"query-input\":{\"@type\":\"PropertyValueSpecification\",\"valueRequired\":true,\"valueName\":\"search_term_string\"}}],\"inLanguage\":\"es\"},{\"@type\":\"Organization\",\"@id\":\"https:\/\/mioti.es\/es\/#organization\",\"name\":\"MIOTI Tech & Business School\",\"alternateName\":\"MIOTI\",\"url\":\"https:\/\/mioti.es\/es\/\",\"logo\":{\"@type\":\"ImageObject\",\"inLanguage\":\"es\",\"@id\":\"https:\/\/mioti.es\/es\/#\/schema\/logo\/image\/\",\"url\":\"https:\/\/mioti.es\/wp-content\/uploads\/2023\/09\/logo-fondo-rosa-1.webp\",\"contentUrl\":\"https:\/\/mioti.es\/wp-content\/uploads\/2023\/09\/logo-fondo-rosa-1.webp\",\"width\":696,\"height\":696,\"caption\":\"MIOTI Tech & Business School\"},\"image\":{\"@id\":\"https:\/\/mioti.es\/es\/#\/schema\/logo\/image\/\"},\"sameAs\":[\"https:\/\/www.facebook.com\/MIOTISchool\",\"https:\/\/x.com\/MyMioti\",\"https:\/\/www.instagram.com\/mioti_school\/\",\"https:\/\/www.linkedin.com\/school\/mioti\/\"]}]}<\/script>\n<!-- \/ Yoast SEO Premium plugin. -->","yoast_head_json":{"title":"\u00a1Gracias por participar! | MIOTI","robots":{"index":"noindex","follow":"follow"},"og_locale":"es_ES","og_type":"article","og_title":"\u00a1Gracias por participar!","og_description":"En breve, recibir\u00e1s un correo electr\u00f3nico con la confirmaci\u00f3n de tu participaci\u00f3n en nuestro #MIOTIHalloweenChallenge. Si en unos minutos no lo has recibido, revisa tu bandeja de Spam \ud83d\ude0a","og_url":"https:\/\/mioti.es\/es\/gracias-halloween-challenge\/","og_site_name":"MIOTI","article_publisher":"https:\/\/www.facebook.com\/MIOTISchool","og_image":[{"width":1680,"height":960,"url":"https:\/\/mioti.es\/wp-content\/uploads\/2022\/03\/portada-prog-12.jpg","type":"image\/jpeg"}],"twitter_card":"summary_large_image","twitter_site":"@MyMioti","twitter_misc":{"Tiempo de lectura":"1 minuto"},"schema":{"@context":"https:\/\/schema.org","@graph":[{"@type":"WebPage","@id":"https:\/\/mioti.es\/es\/gracias-halloween-challenge\/","url":"https:\/\/mioti.es\/es\/gracias-halloween-challenge\/","name":"\u00a1Gracias por participar! | MIOTI","isPartOf":{"@id":"https:\/\/mioti.es\/es\/#website"},"primaryImageOfPage":{"@id":"https:\/\/mioti.es\/es\/gracias-halloween-challenge\/#primaryimage"},"image":{"@id":"https:\/\/mioti.es\/es\/gracias-halloween-challenge\/#primaryimage"},"thumbnailUrl":"https:\/\/mioti.es\/wp-content\/uploads\/2022\/03\/portada-prog-12.jpg","datePublished":"2023-10-26T17:39:28+00:00","breadcrumb":{"@id":"https:\/\/mioti.es\/es\/gracias-halloween-challenge\/#breadcrumb"},"inLanguage":"es","potentialAction":[{"@type":"ReadAction","target":["https:\/\/mioti.es\/es\/gracias-halloween-challenge\/"]}]},{"@type":"ImageObject","inLanguage":"es","@id":"https:\/\/mioti.es\/es\/gracias-halloween-challenge\/#primaryimage","url":"https:\/\/mioti.es\/wp-content\/uploads\/2022\/03\/portada-prog-12.jpg","contentUrl":"https:\/\/mioti.es\/wp-content\/uploads\/2022\/03\/portada-prog-12.jpg","width":1680,"height":960},{"@type":"BreadcrumbList","@id":"https:\/\/mioti.es\/es\/gracias-halloween-challenge\/#breadcrumb","itemListElement":[{"@type":"ListItem","position":1,"name":"Home","item":"https:\/\/mioti.es\/es\/"},{"@type":"ListItem","position":2,"name":"\u00a1Gracias por participar!"}]},{"@type":"WebSite","@id":"https:\/\/mioti.es\/es\/#website","url":"https:\/\/mioti.es\/es\/","name":"MIOTI Tech & Business School","description":"Tech &amp; Business School","publisher":{"@id":"https:\/\/mioti.es\/es\/#organization"},"alternateName":"MIOTI","potentialAction":[{"@type":"SearchAction","target":{"@type":"EntryPoint","urlTemplate":"https:\/\/mioti.es\/es\/?s={search_term_string}"},"query-input":{"@type":"PropertyValueSpecification","valueRequired":true,"valueName":"search_term_string"}}],"inLanguage":"es"},{"@type":"Organization","@id":"https:\/\/mioti.es\/es\/#organization","name":"MIOTI Tech & Business School","alternateName":"MIOTI","url":"https:\/\/mioti.es\/es\/","logo":{"@type":"ImageObject","inLanguage":"es","@id":"https:\/\/mioti.es\/es\/#\/schema\/logo\/image\/","url":"https:\/\/mioti.es\/wp-content\/uploads\/2023\/09\/logo-fondo-rosa-1.webp","contentUrl":"https:\/\/mioti.es\/wp-content\/uploads\/2023\/09\/logo-fondo-rosa-1.webp","width":696,"height":696,"caption":"MIOTI Tech & Business School"},"image":{"@id":"https:\/\/mioti.es\/es\/#\/schema\/logo\/image\/"},"sameAs":["https:\/\/www.facebook.com\/MIOTISchool","https:\/\/x.com\/MyMioti","https:\/\/www.instagram.com\/mioti_school\/","https:\/\/www.linkedin.com\/school\/mioti\/"]}]}},"_links":{"self":[{"href":"https:\/\/mioti.es\/es\/wp-json\/wp\/v2\/pages\/33907","targetHints":{"allow":["GET"]}}],"collection":[{"href":"https:\/\/mioti.es\/es\/wp-json\/wp\/v2\/pages"}],"about":[{"href":"https:\/\/mioti.es\/es\/wp-json\/wp\/v2\/types\/page"}],"author":[{"embeddable":true,"href":"https:\/\/mioti.es\/es\/wp-json\/wp\/v2\/users\/11"}],"replies":[{"embeddable":true,"href":"https:\/\/mioti.es\/es\/wp-json\/wp\/v2\/comments?post=33907"}],"version-history":[{"count":1,"href":"https:\/\/mioti.es\/es\/wp-json\/wp\/v2\/pages\/33907\/revisions"}],"predecessor-version":[{"id":33910,"href":"https:\/\/mioti.es\/es\/wp-json\/wp\/v2\/pages\/33907\/revisions\/33910"}],"wp:featuredmedia":[{"embeddable":true,"href":"https:\/\/mioti.es\/es\/wp-json\/wp\/v2\/media\/665"}],"wp:attachment":[{"href":"https:\/\/mioti.es\/es\/wp-json\/wp\/v2\/media?parent=33907"}],"curies":[{"name":"wp","href":"https:\/\/api.w.org\/{rel}","templated":true}]}}