{"id":24941,"date":"2022-07-06T13:49:55","date_gmt":"2022-07-06T13:49:55","guid":{"rendered":"https:\/\/mioti.es\/?page_id=24941"},"modified":"2026-01-29T11:51:05","modified_gmt":"2026-01-29T11:51:05","slug":"school","status":"publish","type":"page","link":"https:\/\/mioti.es\/es\/school\/","title":{"rendered":"Programas | MIOTI Tech &#038; Business School"},"content":{"rendered":"","protected":false},"excerpt":{"rendered":"","protected":false},"author":7,"featured_media":38792,"parent":0,"menu_order":0,"comment_status":"closed","ping_status":"closed","template":"template-landing.php","meta":{"_acf_changed":false,"_joinchat":[],"footnotes":""},"class_list":["post-24941","page","type-page","status-publish","has-post-thumbnail","hentry"],"acf":[],"yoast_head":"<!-- This site is optimized with the Yoast SEO Premium plugin v26.2 (Yoast SEO v27.3) - https:\/\/yoast.com\/product\/yoast-seo-premium-wordpress\/ -->\n<title>Programas | MIOTI Tech &amp; Business School<\/title>\n<meta name=\"description\" content=\"MIOTI es la escuela l\u00edder en Inteligencia Artificial, Data y Tecnolog\u00eda. Aprende de forma 100% pr\u00e1ctica, guiado por expertos mundiales.\" \/>\n<meta name=\"robots\" content=\"noindex, nofollow\" \/>\n<meta property=\"og:locale\" content=\"es_ES\" \/>\n<meta property=\"og:type\" content=\"article\" \/>\n<meta property=\"og:title\" content=\"Programas | MIOTI Tech &amp; Business School\" \/>\n<meta property=\"og:description\" content=\"MIOTI es la escuela l\u00edder en Inteligencia Artificial, Data y Tecnolog\u00eda. Aprende de forma 100% pr\u00e1ctica, guiado por expertos mundiales.\" \/>\n<meta property=\"og:url\" content=\"https:\/\/mioti.es\/es\/school\/\" \/>\n<meta property=\"og:site_name\" content=\"MIOTI\" \/>\n<meta property=\"article:publisher\" content=\"https:\/\/www.facebook.com\/MIOTISchool\" \/>\n<meta property=\"article:modified_time\" content=\"2026-01-29T11:51:05+00:00\" \/>\n<meta property=\"og:image\" content=\"https:\/\/mioti.es\/wp-content\/uploads\/2023\/11\/Nuevo-Campus-de-MIOTI-e1700223955775.webp\" \/>\n\t<meta property=\"og:image:width\" content=\"1200\" \/>\n\t<meta property=\"og:image:height\" content=\"842\" \/>\n\t<meta property=\"og:image:type\" content=\"image\/webp\" \/>\n<meta name=\"twitter:card\" content=\"summary_large_image\" \/>\n<meta name=\"twitter:site\" content=\"@MyMioti\" \/>\n<meta name=\"twitter:label1\" content=\"Tiempo de lectura\" \/>\n\t<meta name=\"twitter:data1\" content=\"1 minuto\" \/>\n<script type=\"application\/ld+json\" class=\"yoast-schema-graph\">{\"@context\":\"https:\\\/\\\/schema.org\",\"@graph\":[{\"@type\":\"WebPage\",\"@id\":\"https:\\\/\\\/mioti.es\\\/es\\\/school\\\/\",\"url\":\"https:\\\/\\\/mioti.es\\\/es\\\/school\\\/\",\"name\":\"Programas | MIOTI Tech & Business School\",\"isPartOf\":{\"@id\":\"https:\\\/\\\/mioti.es\\\/es\\\/#website\"},\"primaryImageOfPage\":{\"@id\":\"https:\\\/\\\/mioti.es\\\/es\\\/school\\\/#primaryimage\"},\"image\":{\"@id\":\"https:\\\/\\\/mioti.es\\\/es\\\/school\\\/#primaryimage\"},\"thumbnailUrl\":\"https:\\\/\\\/mioti.es\\\/wp-content\\\/uploads\\\/2024\\\/10\\\/Portada-landing-generica-vertical.webp\",\"datePublished\":\"2022-07-06T13:49:55+00:00\",\"dateModified\":\"2026-01-29T11:51:05+00:00\",\"description\":\"MIOTI es la escuela l\u00edder en Inteligencia Artificial, Data y Tecnolog\u00eda. Aprende de forma 100% pr\u00e1ctica, guiado por expertos mundiales.\",\"breadcrumb\":{\"@id\":\"https:\\\/\\\/mioti.es\\\/es\\\/school\\\/#breadcrumb\"},\"inLanguage\":\"es\",\"potentialAction\":[{\"@type\":\"ReadAction\",\"target\":[\"https:\\\/\\\/mioti.es\\\/es\\\/school\\\/\"]}]},{\"@type\":\"ImageObject\",\"inLanguage\":\"es\",\"@id\":\"https:\\\/\\\/mioti.es\\\/es\\\/school\\\/#primaryimage\",\"url\":\"https:\\\/\\\/mioti.es\\\/wp-content\\\/uploads\\\/2024\\\/10\\\/Portada-landing-generica-vertical.webp\",\"contentUrl\":\"https:\\\/\\\/mioti.es\\\/wp-content\\\/uploads\\\/2024\\\/10\\\/Portada-landing-generica-vertical.webp\",\"width\":720,\"height\":1280,\"caption\":\"Portada landing generica - vertical\"},{\"@type\":\"BreadcrumbList\",\"@id\":\"https:\\\/\\\/mioti.es\\\/es\\\/school\\\/#breadcrumb\",\"itemListElement\":[{\"@type\":\"ListItem\",\"position\":1,\"name\":\"Home\",\"item\":\"https:\\\/\\\/mioti.es\\\/es\\\/\"},{\"@type\":\"ListItem\",\"position\":2,\"name\":\"Programas | MIOTI Tech &#038; Business School\"}]},{\"@type\":\"WebSite\",\"@id\":\"https:\\\/\\\/mioti.es\\\/es\\\/#website\",\"url\":\"https:\\\/\\\/mioti.es\\\/es\\\/\",\"name\":\"MIOTI Tech & Business School\",\"description\":\"Tech &amp; Business School\",\"publisher\":{\"@id\":\"https:\\\/\\\/mioti.es\\\/es\\\/#organization\"},\"alternateName\":\"MIOTI\",\"potentialAction\":[{\"@type\":\"SearchAction\",\"target\":{\"@type\":\"EntryPoint\",\"urlTemplate\":\"https:\\\/\\\/mioti.es\\\/es\\\/?s={search_term_string}\"},\"query-input\":{\"@type\":\"PropertyValueSpecification\",\"valueRequired\":true,\"valueName\":\"search_term_string\"}}],\"inLanguage\":\"es\"},{\"@type\":\"Organization\",\"@id\":\"https:\\\/\\\/mioti.es\\\/es\\\/#organization\",\"name\":\"MIOTI Tech & Business School\",\"alternateName\":\"MIOTI\",\"url\":\"https:\\\/\\\/mioti.es\\\/es\\\/\",\"logo\":{\"@type\":\"ImageObject\",\"inLanguage\":\"es\",\"@id\":\"https:\\\/\\\/mioti.es\\\/es\\\/#\\\/schema\\\/logo\\\/image\\\/\",\"url\":\"https:\\\/\\\/mioti.es\\\/wp-content\\\/uploads\\\/2023\\\/09\\\/logo-fondo-rosa-1.webp\",\"contentUrl\":\"https:\\\/\\\/mioti.es\\\/wp-content\\\/uploads\\\/2023\\\/09\\\/logo-fondo-rosa-1.webp\",\"width\":696,\"height\":696,\"caption\":\"MIOTI Tech & Business School\"},\"image\":{\"@id\":\"https:\\\/\\\/mioti.es\\\/es\\\/#\\\/schema\\\/logo\\\/image\\\/\"},\"sameAs\":[\"https:\\\/\\\/www.facebook.com\\\/MIOTISchool\",\"https:\\\/\\\/x.com\\\/MyMioti\",\"https:\\\/\\\/www.instagram.com\\\/mioti_school\\\/\",\"https:\\\/\\\/www.linkedin.com\\\/school\\\/mioti\\\/\"]}]}<\/script>\n<!-- \/ Yoast SEO Premium plugin. -->","yoast_head_json":{"title":"Programas | MIOTI Tech & Business School","description":"MIOTI es la escuela l\u00edder en Inteligencia Artificial, Data y Tecnolog\u00eda. Aprende de forma 100% pr\u00e1ctica, guiado por expertos mundiales.","robots":{"index":"noindex","follow":"nofollow"},"og_locale":"es_ES","og_type":"article","og_title":"Programas | MIOTI Tech & Business School","og_description":"MIOTI es la escuela l\u00edder en Inteligencia Artificial, Data y Tecnolog\u00eda. Aprende de forma 100% pr\u00e1ctica, guiado por expertos mundiales.","og_url":"https:\/\/mioti.es\/es\/school\/","og_site_name":"MIOTI","article_publisher":"https:\/\/www.facebook.com\/MIOTISchool","article_modified_time":"2026-01-29T11:51:05+00:00","og_image":[{"width":1200,"height":842,"url":"https:\/\/mioti.es\/wp-content\/uploads\/2023\/11\/Nuevo-Campus-de-MIOTI-e1700223955775.webp","type":"image\/webp"}],"twitter_card":"summary_large_image","twitter_site":"@MyMioti","twitter_misc":{"Tiempo de lectura":"1 minuto"},"schema":{"@context":"https:\/\/schema.org","@graph":[{"@type":"WebPage","@id":"https:\/\/mioti.es\/es\/school\/","url":"https:\/\/mioti.es\/es\/school\/","name":"Programas | MIOTI Tech & Business School","isPartOf":{"@id":"https:\/\/mioti.es\/es\/#website"},"primaryImageOfPage":{"@id":"https:\/\/mioti.es\/es\/school\/#primaryimage"},"image":{"@id":"https:\/\/mioti.es\/es\/school\/#primaryimage"},"thumbnailUrl":"https:\/\/mioti.es\/wp-content\/uploads\/2024\/10\/Portada-landing-generica-vertical.webp","datePublished":"2022-07-06T13:49:55+00:00","dateModified":"2026-01-29T11:51:05+00:00","description":"MIOTI es la escuela l\u00edder en Inteligencia Artificial, Data y Tecnolog\u00eda. Aprende de forma 100% pr\u00e1ctica, guiado por expertos mundiales.","breadcrumb":{"@id":"https:\/\/mioti.es\/es\/school\/#breadcrumb"},"inLanguage":"es","potentialAction":[{"@type":"ReadAction","target":["https:\/\/mioti.es\/es\/school\/"]}]},{"@type":"ImageObject","inLanguage":"es","@id":"https:\/\/mioti.es\/es\/school\/#primaryimage","url":"https:\/\/mioti.es\/wp-content\/uploads\/2024\/10\/Portada-landing-generica-vertical.webp","contentUrl":"https:\/\/mioti.es\/wp-content\/uploads\/2024\/10\/Portada-landing-generica-vertical.webp","width":720,"height":1280,"caption":"Portada landing generica - vertical"},{"@type":"BreadcrumbList","@id":"https:\/\/mioti.es\/es\/school\/#breadcrumb","itemListElement":[{"@type":"ListItem","position":1,"name":"Home","item":"https:\/\/mioti.es\/es\/"},{"@type":"ListItem","position":2,"name":"Programas | MIOTI Tech &#038; Business School"}]},{"@type":"WebSite","@id":"https:\/\/mioti.es\/es\/#website","url":"https:\/\/mioti.es\/es\/","name":"MIOTI Tech & Business School","description":"Tech &amp; Business School","publisher":{"@id":"https:\/\/mioti.es\/es\/#organization"},"alternateName":"MIOTI","potentialAction":[{"@type":"SearchAction","target":{"@type":"EntryPoint","urlTemplate":"https:\/\/mioti.es\/es\/?s={search_term_string}"},"query-input":{"@type":"PropertyValueSpecification","valueRequired":true,"valueName":"search_term_string"}}],"inLanguage":"es"},{"@type":"Organization","@id":"https:\/\/mioti.es\/es\/#organization","name":"MIOTI Tech & Business School","alternateName":"MIOTI","url":"https:\/\/mioti.es\/es\/","logo":{"@type":"ImageObject","inLanguage":"es","@id":"https:\/\/mioti.es\/es\/#\/schema\/logo\/image\/","url":"https:\/\/mioti.es\/wp-content\/uploads\/2023\/09\/logo-fondo-rosa-1.webp","contentUrl":"https:\/\/mioti.es\/wp-content\/uploads\/2023\/09\/logo-fondo-rosa-1.webp","width":696,"height":696,"caption":"MIOTI Tech & Business School"},"image":{"@id":"https:\/\/mioti.es\/es\/#\/schema\/logo\/image\/"},"sameAs":["https:\/\/www.facebook.com\/MIOTISchool","https:\/\/x.com\/MyMioti","https:\/\/www.instagram.com\/mioti_school\/","https:\/\/www.linkedin.com\/school\/mioti\/"]}]}},"_links":{"self":[{"href":"https:\/\/mioti.es\/es\/wp-json\/wp\/v2\/pages\/24941","targetHints":{"allow":["GET"]}}],"collection":[{"href":"https:\/\/mioti.es\/es\/wp-json\/wp\/v2\/pages"}],"about":[{"href":"https:\/\/mioti.es\/es\/wp-json\/wp\/v2\/types\/page"}],"author":[{"embeddable":true,"href":"https:\/\/mioti.es\/es\/wp-json\/wp\/v2\/users\/7"}],"replies":[{"embeddable":true,"href":"https:\/\/mioti.es\/es\/wp-json\/wp\/v2\/comments?post=24941"}],"version-history":[{"count":52,"href":"https:\/\/mioti.es\/es\/wp-json\/wp\/v2\/pages\/24941\/revisions"}],"predecessor-version":[{"id":43618,"href":"https:\/\/mioti.es\/es\/wp-json\/wp\/v2\/pages\/24941\/revisions\/43618"}],"wp:featuredmedia":[{"embeddable":true,"href":"https:\/\/mioti.es\/es\/wp-json\/wp\/v2\/media\/38792"}],"wp:attachment":[{"href":"https:\/\/mioti.es\/es\/wp-json\/wp\/v2\/media?parent=24941"}],"curies":[{"name":"wp","href":"https:\/\/api.w.org\/{rel}","templated":true}]}}