{"id":24279,"date":"2022-04-05T07:40:30","date_gmt":"2022-04-05T07:40:30","guid":{"rendered":"http:\/\/mioti.dgrees.studio\/?page_id=24279"},"modified":"2022-04-06T11:45:29","modified_gmt":"2022-04-06T11:45:29","slug":"condiciones-ambassadors-club","status":"publish","type":"page","link":"https:\/\/mioti.es\/es\/condiciones-ambassadors-club\/","title":{"rendered":"Condiciones Ambassador Club"},"content":{"rendered":"<p><strong>\u00a1\u00a1Enhorabuena!!<\/strong><\/p>\n<p>Si has llegado hasta aqu\u00ed es porque tienes una vinculaci\u00f3n especial con la escuela y nosotros contigo, por eso te hemos invitado a formar parte del MIOTI Ambassador\u2019s Club.<br \/>\n\u00bfPor qu\u00e9 creamos MIOTI Ambassador\u2019s Club?<\/p>\n<p>Hemos creado el Ambassador\u2019s Club con el objetivo de seguir creciendo de la mano de todas las personas que ya han vivido la experiencia MIOTI, para que nos ayuden a transmitir nuestra misi\u00f3n de formar alumnos en las nuevas tecnolog\u00edas y que se sientan orgullosos de formar parte de la comunidad MIOTI.<\/p>\n<p>Como miembro del Ambassador\u2019s Club, formar\u00e1s parte del Consejo de Alumni que tiene como objetivo asesorarnos en el rumbo que MIOTI deber\u00e1 tomar en el futuro. Adem\u00e1s, tendr\u00e1s acceso a las bonificaciones de Member-Get-Member que te dar\u00e1 derecho a una recompensa por recomendarnos alumnos. Actualmente ya recibimos un gran porcentaje de nuevos alumnos por recomendaci\u00f3n directa, y creemos que es el momento de reconocerlo y recompensarlo.<\/p>\n<p><strong>\u00bfC\u00f3mo funciona?<\/strong><\/p>\n<p>Tu primera misi\u00f3n ser\u00e1 activar tu invitaci\u00f3n d\u00e1ndote de alta en el Ambassador\u2019s Club y recomendar a aquellas personas que conozcas que puedan matricularse en alguno de nuestros programas o que est\u00e9n buscando un M\u00e1ster y as\u00ed poder contactarles de tu parte, y si finalmente se matricula en alguno de nuestros programas, el nuevo alumno recibir\u00e1 una beca de hasta el 30% y t\u00fa obtendr\u00e1s una recompensa de 1.000\u20ac.<\/p>\n<p><strong>Los programas:<\/strong><\/p>\n<ul>\n<li>M\u00e1ster en Data Science &amp; Deep Learning<\/li>\n<li>M\u00e1ster en Data Science &amp; Big Data<\/li>\n<li>M\u00e1ster en Deep Learning<\/li>\n<li>M\u00e1ster en Internet de las Cosas &amp; Data Science<\/li>\n<li>M\u00e1ster en Internet de las Cosas<\/li>\n<li>M\u00e1ster en Digital Transformation<\/li>\n<li>M\u00e1ster en Data Strategy &amp; Analytics<\/li>\n<\/ul>\n<p>Existe la posibilidad de que la matr\u00edcula en vez de ser de uno de nuestros M\u00e1ster, sea de un programa executive (eBusiness, Exponential Technologies o Data Strategy), si nos recomiendas personas para estos programas, recibir\u00e1s una recompensa de 500\u20ac.<\/p>\n<p>Estas recompensas no son aplicables para becas internacionales en cualquiera de los masters y programas Executive.<\/p>\n<p><strong>Los detalles:<\/strong><\/p>\n<p>Para abonarte la recompensa conseguida, nos pondremos en contacto contigo, necesitaremos en ese momento que nos confirmes tu situaci\u00f3n fiscal, ya sea:<\/p>\n<p>Dado de alta en la SS como aut\u00f3nomo.<br \/>\nPropietario de una sociedad mercantil.<br \/>\nDado de alta en el R\u00e9gimen General de la SS.<\/p>\n<p>Dependiendo de tu situaci\u00f3n, te pagaremos como aut\u00f3nomo con la retenci\u00f3n que tengas, o con IVA si eres una empresa, o mediante un cheque Amazon si eres un profesional en r\u00e9gimen general.<\/p>\n<p>El pago se efectuar\u00e1 cuando tu alumno pague su matr\u00edcula, no tiene l\u00edmite as\u00ed que si se matriculan varios te compensaremos con 1.000\u20ac por cada uno, si el programa est\u00e1 completo y tenemos que matricularle m\u00e1s adelante, no te preocupes porque no perder\u00e1s la compensaci\u00f3n, solo se retrasar\u00e1 un poco.<\/p>\n<p>El programa dura un a\u00f1o, hasta el 31 de Diciembre de 2022, y solo se puede acceder por invitaci\u00f3n de la escuela. Si conseguimos alumnos recomendados \u00a1el a\u00f1o que viene volver\u00e1s a recibir nuestra invitaci\u00f3n a ser Embajador de MIOTI!<\/p>\n","protected":false},"excerpt":{"rendered":"<p>\u00a1\u00a1Enhorabuena!! Si has llegado hasta aqu\u00ed es porque tienes una vinculaci\u00f3n especial con la escuela y nosotros contigo, por eso te hemos invitado a formar parte del MIOTI Ambassador\u2019s Club. \u00bfPor qu\u00e9 creamos MIOTI Ambassador\u2019s Club? Hemos creado el Ambassador\u2019s Club con el objetivo de seguir creciendo de la mano de todas las personas que [&hellip;]<\/p>\n","protected":false},"author":6,"featured_media":0,"parent":0,"menu_order":0,"comment_status":"closed","ping_status":"closed","template":"","meta":{"_acf_changed":false,"_joinchat":[],"footnotes":""},"class_list":["post-24279","page","type-page","status-publish","hentry"],"acf":[],"yoast_head":"<!-- This site is optimized with the Yoast SEO Premium plugin v26.2 (Yoast SEO v27.2) - https:\/\/yoast.com\/product\/yoast-seo-premium-wordpress\/ -->\n<title>Condiciones Ambassador Club | MIOTI<\/title>\n<meta name=\"robots\" content=\"noindex, follow\" \/>\n<meta property=\"og:locale\" content=\"es_ES\" \/>\n<meta property=\"og:type\" content=\"article\" \/>\n<meta property=\"og:title\" content=\"Condiciones Ambassador Club\" \/>\n<meta property=\"og:description\" content=\"\u00a1\u00a1Enhorabuena!! Si has llegado hasta aqu\u00ed es porque tienes una vinculaci\u00f3n especial con la escuela y nosotros contigo, por eso te hemos invitado a formar parte del MIOTI Ambassador\u2019s Club. \u00bfPor qu\u00e9 creamos MIOTI Ambassador\u2019s Club? Hemos creado el Ambassador\u2019s Club con el objetivo de seguir creciendo de la mano de todas las personas que [&hellip;]\" \/>\n<meta property=\"og:url\" content=\"https:\/\/mioti.es\/es\/condiciones-ambassadors-club\/\" \/>\n<meta property=\"og:site_name\" content=\"MIOTI\" \/>\n<meta property=\"article:publisher\" content=\"https:\/\/www.facebook.com\/MIOTISchool\" \/>\n<meta property=\"article:modified_time\" content=\"2022-04-06T11:45:29+00:00\" \/>\n<meta property=\"og:image\" content=\"https:\/\/mioti.es\/wp-content\/uploads\/2023\/09\/09-20-Nuevo-Campus_Miniatura-blog.webp\" \/>\n\t<meta property=\"og:image:width\" content=\"579\" \/>\n\t<meta property=\"og:image:height\" content=\"433\" \/>\n\t<meta property=\"og:image:type\" content=\"image\/webp\" \/>\n<meta name=\"twitter:card\" content=\"summary_large_image\" \/>\n<meta name=\"twitter:site\" content=\"@MyMioti\" \/>\n<meta name=\"twitter:label1\" content=\"Tiempo de lectura\" \/>\n\t<meta name=\"twitter:data1\" content=\"3 minutos\" \/>\n<script type=\"application\/ld+json\" class=\"yoast-schema-graph\">{\"@context\":\"https:\/\/schema.org\",\"@graph\":[{\"@type\":\"WebPage\",\"@id\":\"https:\/\/mioti.es\/es\/condiciones-ambassadors-club\/\",\"url\":\"https:\/\/mioti.es\/es\/condiciones-ambassadors-club\/\",\"name\":\"Condiciones Ambassador Club | MIOTI\",\"isPartOf\":{\"@id\":\"https:\/\/mioti.es\/es\/#website\"},\"datePublished\":\"2022-04-05T07:40:30+00:00\",\"dateModified\":\"2022-04-06T11:45:29+00:00\",\"breadcrumb\":{\"@id\":\"https:\/\/mioti.es\/es\/condiciones-ambassadors-club\/#breadcrumb\"},\"inLanguage\":\"es\",\"potentialAction\":[{\"@type\":\"ReadAction\",\"target\":[\"https:\/\/mioti.es\/es\/condiciones-ambassadors-club\/\"]}]},{\"@type\":\"BreadcrumbList\",\"@id\":\"https:\/\/mioti.es\/es\/condiciones-ambassadors-club\/#breadcrumb\",\"itemListElement\":[{\"@type\":\"ListItem\",\"position\":1,\"name\":\"Home\",\"item\":\"https:\/\/mioti.es\/es\/\"},{\"@type\":\"ListItem\",\"position\":2,\"name\":\"Condiciones Ambassador Club\"}]},{\"@type\":\"WebSite\",\"@id\":\"https:\/\/mioti.es\/es\/#website\",\"url\":\"https:\/\/mioti.es\/es\/\",\"name\":\"MIOTI Tech & Business School\",\"description\":\"Tech &amp; Business School\",\"publisher\":{\"@id\":\"https:\/\/mioti.es\/es\/#organization\"},\"alternateName\":\"MIOTI\",\"potentialAction\":[{\"@type\":\"SearchAction\",\"target\":{\"@type\":\"EntryPoint\",\"urlTemplate\":\"https:\/\/mioti.es\/es\/?s={search_term_string}\"},\"query-input\":{\"@type\":\"PropertyValueSpecification\",\"valueRequired\":true,\"valueName\":\"search_term_string\"}}],\"inLanguage\":\"es\"},{\"@type\":\"Organization\",\"@id\":\"https:\/\/mioti.es\/es\/#organization\",\"name\":\"MIOTI Tech & Business School\",\"alternateName\":\"MIOTI\",\"url\":\"https:\/\/mioti.es\/es\/\",\"logo\":{\"@type\":\"ImageObject\",\"inLanguage\":\"es\",\"@id\":\"https:\/\/mioti.es\/es\/#\/schema\/logo\/image\/\",\"url\":\"https:\/\/mioti.es\/wp-content\/uploads\/2023\/09\/logo-fondo-rosa-1.webp\",\"contentUrl\":\"https:\/\/mioti.es\/wp-content\/uploads\/2023\/09\/logo-fondo-rosa-1.webp\",\"width\":696,\"height\":696,\"caption\":\"MIOTI Tech & Business School\"},\"image\":{\"@id\":\"https:\/\/mioti.es\/es\/#\/schema\/logo\/image\/\"},\"sameAs\":[\"https:\/\/www.facebook.com\/MIOTISchool\",\"https:\/\/x.com\/MyMioti\",\"https:\/\/www.instagram.com\/mioti_school\/\",\"https:\/\/www.linkedin.com\/school\/mioti\/\"]}]}<\/script>\n<!-- \/ Yoast SEO Premium plugin. -->","yoast_head_json":{"title":"Condiciones Ambassador Club | MIOTI","robots":{"index":"noindex","follow":"follow"},"og_locale":"es_ES","og_type":"article","og_title":"Condiciones Ambassador Club","og_description":"\u00a1\u00a1Enhorabuena!! Si has llegado hasta aqu\u00ed es porque tienes una vinculaci\u00f3n especial con la escuela y nosotros contigo, por eso te hemos invitado a formar parte del MIOTI Ambassador\u2019s Club. \u00bfPor qu\u00e9 creamos MIOTI Ambassador\u2019s Club? Hemos creado el Ambassador\u2019s Club con el objetivo de seguir creciendo de la mano de todas las personas que [&hellip;]","og_url":"https:\/\/mioti.es\/es\/condiciones-ambassadors-club\/","og_site_name":"MIOTI","article_publisher":"https:\/\/www.facebook.com\/MIOTISchool","article_modified_time":"2022-04-06T11:45:29+00:00","og_image":[{"width":579,"height":433,"url":"https:\/\/mioti.es\/wp-content\/uploads\/2023\/09\/09-20-Nuevo-Campus_Miniatura-blog.webp","type":"image\/webp"}],"twitter_card":"summary_large_image","twitter_site":"@MyMioti","twitter_misc":{"Tiempo de lectura":"3 minutos"},"schema":{"@context":"https:\/\/schema.org","@graph":[{"@type":"WebPage","@id":"https:\/\/mioti.es\/es\/condiciones-ambassadors-club\/","url":"https:\/\/mioti.es\/es\/condiciones-ambassadors-club\/","name":"Condiciones Ambassador Club | MIOTI","isPartOf":{"@id":"https:\/\/mioti.es\/es\/#website"},"datePublished":"2022-04-05T07:40:30+00:00","dateModified":"2022-04-06T11:45:29+00:00","breadcrumb":{"@id":"https:\/\/mioti.es\/es\/condiciones-ambassadors-club\/#breadcrumb"},"inLanguage":"es","potentialAction":[{"@type":"ReadAction","target":["https:\/\/mioti.es\/es\/condiciones-ambassadors-club\/"]}]},{"@type":"BreadcrumbList","@id":"https:\/\/mioti.es\/es\/condiciones-ambassadors-club\/#breadcrumb","itemListElement":[{"@type":"ListItem","position":1,"name":"Home","item":"https:\/\/mioti.es\/es\/"},{"@type":"ListItem","position":2,"name":"Condiciones Ambassador Club"}]},{"@type":"WebSite","@id":"https:\/\/mioti.es\/es\/#website","url":"https:\/\/mioti.es\/es\/","name":"MIOTI Tech & Business School","description":"Tech &amp; Business School","publisher":{"@id":"https:\/\/mioti.es\/es\/#organization"},"alternateName":"MIOTI","potentialAction":[{"@type":"SearchAction","target":{"@type":"EntryPoint","urlTemplate":"https:\/\/mioti.es\/es\/?s={search_term_string}"},"query-input":{"@type":"PropertyValueSpecification","valueRequired":true,"valueName":"search_term_string"}}],"inLanguage":"es"},{"@type":"Organization","@id":"https:\/\/mioti.es\/es\/#organization","name":"MIOTI Tech & Business School","alternateName":"MIOTI","url":"https:\/\/mioti.es\/es\/","logo":{"@type":"ImageObject","inLanguage":"es","@id":"https:\/\/mioti.es\/es\/#\/schema\/logo\/image\/","url":"https:\/\/mioti.es\/wp-content\/uploads\/2023\/09\/logo-fondo-rosa-1.webp","contentUrl":"https:\/\/mioti.es\/wp-content\/uploads\/2023\/09\/logo-fondo-rosa-1.webp","width":696,"height":696,"caption":"MIOTI Tech & Business School"},"image":{"@id":"https:\/\/mioti.es\/es\/#\/schema\/logo\/image\/"},"sameAs":["https:\/\/www.facebook.com\/MIOTISchool","https:\/\/x.com\/MyMioti","https:\/\/www.instagram.com\/mioti_school\/","https:\/\/www.linkedin.com\/school\/mioti\/"]}]}},"_links":{"self":[{"href":"https:\/\/mioti.es\/es\/wp-json\/wp\/v2\/pages\/24279","targetHints":{"allow":["GET"]}}],"collection":[{"href":"https:\/\/mioti.es\/es\/wp-json\/wp\/v2\/pages"}],"about":[{"href":"https:\/\/mioti.es\/es\/wp-json\/wp\/v2\/types\/page"}],"author":[{"embeddable":true,"href":"https:\/\/mioti.es\/es\/wp-json\/wp\/v2\/users\/6"}],"replies":[{"embeddable":true,"href":"https:\/\/mioti.es\/es\/wp-json\/wp\/v2\/comments?post=24279"}],"version-history":[{"count":4,"href":"https:\/\/mioti.es\/es\/wp-json\/wp\/v2\/pages\/24279\/revisions"}],"predecessor-version":[{"id":24384,"href":"https:\/\/mioti.es\/es\/wp-json\/wp\/v2\/pages\/24279\/revisions\/24384"}],"wp:attachment":[{"href":"https:\/\/mioti.es\/es\/wp-json\/wp\/v2\/media?parent=24279"}],"curies":[{"name":"wp","href":"https:\/\/api.w.org\/{rel}","templated":true}]}}