{"id":27226,"date":"2022-02-23T09:44:59","date_gmt":"2022-02-23T09:44:59","guid":{"rendered":"https:\/\/mioti.es\/?page_id=27226"},"modified":"2023-02-21T09:44:37","modified_gmt":"2023-02-21T09:44:37","slug":"politica-de-privacidad","status":"publish","type":"page","link":"https:\/\/mioti.es\/cl\/politica-de-privacidad\/","title":{"rendered":"Pol\u00edtica de Privacidad"},"content":{"rendered":"<h3>TITULARIDAD<\/h3>\n<p>En cumplimiento de lo establecido en el Reglamento (UE) 2016\/ 679 del Parlamento Europeo y del Consejo, de 27 de abril de 2016 (en adelante RGPD) le informamos que los datos personales comunicados ser\u00e1n incorporados a una Base de Datos titularidad MADRID INTERNET OF THINGS INSTITUTE, S.L. (en adelante MIOTI) con:<\/p>\n<p><strong>CIF:<\/strong>\u00a0B-87919296<br \/>\n<strong>Direcci\u00f3n postal:<\/strong>\u00a0Rufino Gonzalez 25, 28037 Madrid<br \/>\n<strong>Tel\u00e9fono:<\/strong>\u00a0673 84 21 74<br \/>\n<strong>Correo electr\u00f3nico:<\/strong>\u00a0dpd@mioti.es<\/p>\n<h3>CONTACTO<\/h3>\n<p>Para cualquier asunto relacionado con el tratamiento de datos de personas f\u00edsicas por parte de MIOTI podr\u00e1 dirigirse a nuestro Delegado de Protecci\u00f3n de Datos a trav\u00e9s de la siguiente direcci\u00f3n de correo electr\u00f3nico dpd@mioti.es<\/p>\n<h3>DATOS RECABADOS, FINALIDAD, LEGITIMIDAD Y PLAZO DE CONSERVACI\u00d3N.<\/h3>\n<p>MIOTI recabar\u00e1 los siguientes datos del interesado:<\/p>\n<h4>CONTACTO COMERCIAL<\/h4>\n<p>Atenci\u00f3n de consultas y solicitudes de contacto, as\u00ed como el mantenimiento de relaciones comerciales relacionadas de los servicios de MIOTI:<br \/>\nDatos recabados: Nombre, tel\u00e9fono, email y consulta.<\/p>\n<p><strong>Finalidad:<\/strong>\u00a0Contestar a las solicitudes de informaci\u00f3n que el interesado haya realizado por cualquier medio sobre los productos y servicios de MIOTI, y establecer y mantener relaciones comerciales.<\/p>\n<p><strong>Legitimaci\u00f3n:<\/strong>\u00a0En base a la prestaci\u00f3n del consentimiento MIOTI est\u00e1 legitimado para tratar los datos del interesado facilitados a trav\u00e9s de la solicitud de contacto, y conforme al inter\u00e9s leg\u00edtimo para el desarrollo y mantenimiento de relaciones comerciales.<\/p>\n<p><strong>Plazos de conservaci\u00f3n:<\/strong>\u00a0los datos se conservar\u00e1n hasta el momento en que el interesado solicite la baja o supresi\u00f3n de sus datos y una vez suprimidos se conservar\u00e1n por un periodo m\u00e1ximo de 6 a\u00f1os a disposici\u00f3n la administraci\u00f3n p\u00fablica, jueces y tribunales, para la atenci\u00f3n y defensa de las posibles responsabilidades nacidas del tratamiento.<\/p>\n<h4>PROMOCIONAL o NEWSLETTERS<\/h4>\n<p>La remisi\u00f3n de informaci\u00f3n, novedades, avisos, recordatorios y promociones que pudieran ser de su inter\u00e9s, relacionadas con las actividades de MIOTI.<br \/>\nDatos recabados: direcci\u00f3n de correo electr\u00f3nico, tel\u00e9fono, nombre y apellidos.<\/p>\n<p><strong>Finalidad<\/strong>: el registro de los interesados para la remisi\u00f3n de informaci\u00f3n, novedades y promociones, y establecer y mantener relaciones comerciales.<\/p>\n<p><strong>Legitimaci\u00f3n:<\/strong>\u00a0prestaci\u00f3n del consentimiento del interesado a MIOTI para el alta en servicios de promocionales, y el inter\u00e9s leg\u00edtimo para el desarrollo de relaciones comerciales.<\/p>\n<p><strong>Plazos de conservaci\u00f3n:<\/strong>\u00a0los datos se conservar\u00e1n hasta el momento en que el interesado solicite la baja o supresi\u00f3n de sus datos y una vez suprimidos se conservar\u00e1n por un periodo m\u00e1ximo de 6 a\u00f1os a disposici\u00f3n la administraci\u00f3n p\u00fablica, jueces y tribunales, para la atenci\u00f3n y defensa de las posibles responsabilidades nacidas del tratamiento.<\/p>\n<h4>SERVICIOS<\/h4>\n<p>Datos facilitados para la prestaci\u00f3n de los servicios de MIOTI. Los servicios se identificar\u00e1n en el momento de la recogida del dato y registro del mismo.<\/p>\n<p>Datos recabados: Nombre Apellidos, DNI, direcci\u00f3n de contacto, domicilio, correo electr\u00f3nico, tel\u00e9fono de contacto.<\/p>\n<p><b data-stringify-type=\"bold\">Finalidad:<\/b>\u00a0el registro de los usuarios para la prestaci\u00f3n de los servicios y ofrecer productos,\u00a0 servicios, becas o pr\u00e1cticas, as\u00ed como procesos de selecci\u00f3n de puestos de trabajo, relacionados con las actividades de MIOTI.<\/p>\n<p><b data-stringify-type=\"bold\">Legitimaci\u00f3n:<\/b>\u00a0la relaci\u00f3n jur\u00eddica o contractual existente necesaria par la prestaci\u00f3n del servicio.<\/p>\n<p><b data-stringify-type=\"bold\">Plazos de conservaci\u00f3n:<\/b>\u00a0los datos se conservar\u00e1n durante el tiempo necesario para la finalidad del tratamiento, y una vez finalizada la misma se podr\u00e1n conservar por un periodo de seis a\u00f1os a disposici\u00f3n la administraci\u00f3n p\u00fablica, jueces y tribunales, para la atenci\u00f3n y defensa de las posibles responsabilidades nacidas del tratamiento.<\/p>\n<h4>CESI\u00d3N DE IMAGEN<\/h4>\n<p>Datos facilitados para la prestaci\u00f3n de los servicios. Los servicios se identificar\u00e1n en el momento de la recogida del dato y registro del mismo.<br \/>\nDatos recabados: Material fotogr\u00e1fico y de video durante la impartici\u00f3n de clases presenciales y online y eventos.<\/p>\n<p><b data-stringify-type=\"bold\">Finalidad:<\/b>\u00a0uso de im\u00e1genes y videos para ser utilizados en todo el mundo y sin l\u00edmite temporal, en la publicidad del Grupo Empresarial UNLIMITECK y de las empresas que lo integran, en cualquier medio de exhibici\u00f3n y\/o difusi\u00f3n presencial, f\u00edsico, editorial, as\u00ed como por redes telem\u00e1ticas e Internet, en cualquier formato tangible o intangible, electr\u00f3nico y\/o digital, de conformidad con lo establecido en la Ley Org\u00e1nica 1\/1982 de protecci\u00f3n civil del derecho al honor, a la intimidad personal y familiar y a la propia imagen.<\/p>\n<p><b data-stringify-type=\"bold\">Legitimaci\u00f3n:<\/b>\u00a0la relaci\u00f3n jur\u00eddica o contractual existente necesaria par la prestaci\u00f3n del servicio.<\/p>\n<p><b data-stringify-type=\"bold\">Plazos de conservaci\u00f3n:<\/b>\u00a0los datos se conservar\u00e1n durante el tiempo necesario para la finalidad del servicio, y una vez finalizada la misma se podr\u00e1n conservar por un periodo de seis a\u00f1os a disposici\u00f3n la administraci\u00f3n p\u00fablica, jueces y tribunales, para la atenci\u00f3n y defensa de las posibles responsabilidades nacidas del tratamiento.<\/p>\n<h4>ALTA Y SEGUIMIENTO DE CUENTAS CORPORATIVAS DE RRSS<\/h4>\n<p>Los datos personales que facilita o habilita a las redes sociales al convertirse en seguidor de las mismas. Las cuentas corporativas de las redes sociales de MIOTI son las siguientes:<\/p>\n<ul>\n<li><strong>FACEBOOK:<\/strong>\u00a0https:\/\/es-es.facebook.com\/myMIOTI\/<\/li>\n<li><strong>TWITTER:<\/strong>\u00a0https:\/\/twitter.com\/mymioti\/<\/li>\n<li><strong>LINKEDIN:<\/strong>\u00a0https:\/\/www.linkedin.com\/company\/mioti<\/li>\n<li><strong>YOUTUBE:<\/strong>\u00a0https:\/\/www.youtube.com\/channel\/UClSC9kef8m9x8c4C6RPrCog<\/li>\n<li>I<strong>NSTAGRAM:<\/strong>\u00a0https:\/\/www.instagram.com\/mymioti\/<\/li>\n<li><strong>WHATSAPP:<\/strong>\u00a0+34 673842174<\/li>\n<\/ul>\n<p><strong>Datos recabados:<\/strong>\u00a0Nombre Apellidos, NIF, direcci\u00f3n de contacto, domicilio, correo electr\u00f3nico, tel\u00e9fono de contacto, necesario par el seguimiento en la red social.<\/p>\n<p><strong>Finalidad:<\/strong>\u00a0seguimiento red social<\/p>\n<p><strong>Legitimaci\u00f3n:<\/strong>\u00a0prestaci\u00f3n del consentimiento del Usuario.<\/p>\n<p><strong>Plazos de conservaci\u00f3n:<\/strong>\u00a0los datos se conservar\u00e1n durante el tiempo necesario para la finalidad del tratamiento, y una vez finalizada la misma se podr\u00e1n conservar por un periodo de seis a\u00f1os a disposici\u00f3n la administraci\u00f3n p\u00fablica, jueces y tribunales, para la atenci\u00f3n y defensa de las posibles responsabilidades nacidas del tratamiento.<\/p>\n<h4>CLIENTES\/PROVEEDORES<\/h4>\n<p>Datos personales profesionales facilitados por Clientes\/Proveedores para la prestaci\u00f3n de servicios y gesti\u00f3n de la relaci\u00f3n jur\u00eddica o contractual.<br \/>\nDatos recabados: Nombre Apellidos, DNI, direcci\u00f3n profesional de contacto, correo electr\u00f3nico, tel\u00e9fono de contacto.<\/p>\n<p><strong>Finalidad:<\/strong>\u00a0la gesti\u00f3n de la relaci\u00f3n contractual del servicio<\/p>\n<p><strong>Legitimaci\u00f3n:<\/strong>\u00a0la relaci\u00f3n jur\u00eddica o contractual existente necesaria par la prestaci\u00f3n del servicio.<\/p>\n<p><strong>Plazos de conservaci\u00f3n:<\/strong>\u00a0los datos se conservar\u00e1n durante el tiempo necesario para la finalidad del tratamiento o supresi\u00f3n de los mismos, y una vez finalizada o suprimida se podr\u00e1n conservar por un periodo de seis a\u00f1os a disposici\u00f3n la administraci\u00f3n p\u00fablica, jueces y tribunales, para la atenci\u00f3n y defensa de las posibles responsabilidades nacidas del tratamiento.<\/p>\n<h4>MIOTI AMBASSADORS CLUB<\/h4>\n<p>Datos personales de terceros, facilitados por miembros de este programa, utilizando Member Get Member, con la finalidad de obtener descuentos y becas, tanto el miembro del Ambassadors Club, como la persona que se matricule en alguno de nuestros programas.<\/p>\n<p><b>Datos recabados:<\/b>\u00a0Nombre Apellidos, correo electr\u00f3nico, tel\u00e9fono de contacto.<\/p>\n<p><strong>F<\/strong><b>inalidad<\/b>: la gesti\u00f3n de la relaci\u00f3n contractual del servicio, as\u00ed como registro de los interesados para la remisi\u00f3n de informaci\u00f3n, novedades y promociones, y establecer y mantener relaciones comerciales.<\/p>\n<p><b>Legitimaci\u00f3n<\/b>: la relaci\u00f3n jur\u00eddica o contractual existente necesaria para la prestaci\u00f3n del servicio, as\u00ed como el consentimiento del tercero a recibir estas promociones. El miembro del Ambassadors Club declara que tiene el consentimiento del tercero para proporcionar sus datos a MIOTI con esta finalidad. Este consentimiento puede ser retirado en cualquier momento, a trav\u00e9s del ejercicio de los derechos reconocidos por la normativa relativa a protecci\u00f3n de datos, como son el derecho de acceso, rectificaci\u00f3n, o supresi\u00f3n, entre otros.<\/p>\n<p><b>Plazos de conservaci\u00f3n:<\/b>\u00a0los datos se conservar\u00e1n durante el tiempo necesario para la finalidad del tratamiento o supresi\u00f3n de los mismos, y una vez finalizada o suprimida se podr\u00e1n conservar por un periodo de seis a\u00f1os a disposici\u00f3n la administraci\u00f3n p\u00fablica, jueces y tribunales, para la atenci\u00f3n y defensa de las posibles responsabilidades nacidas del tratamiento.<\/p>\n<p>Existen comunicaciones de datos a terceros para las prestaciones de servicios de terceros como encargados de tratamiento con los que MIOTI ha firmado los correspondientes contratos de Encargado de Tratamiento y verificado que los mismos re\u00fanen las garant\u00edas suficientes para aplicar medidas t\u00e9cnicas y organizativas apropiadas, de tal manera que el tratamiento se realiza conforme a los requisitos del RGPD garantizando la protecci\u00f3n de los derechos del interesados.<\/p>\n<h3>EJERCICIO DE DERECHOS<\/h3>\n<p>El Usuario tiene reconocidos sus derechos a acceso, rectificaci\u00f3n, supresi\u00f3n, limitaci\u00f3n, oposici\u00f3n y portabilidad de sus datos. De igual modo, est\u00e1 amparado por el derecho a retirar su consentimiento para el tratamiento por MIOTI. Asimismo, le asiste el derecho a reclamar ante la autoridad de control.<\/p>\n<p>En cualquier momento el Usuario podr\u00e1 ejercitar sus derechos mediante la remisi\u00f3n de una comunicaci\u00f3n, adjuntando un documento que acredite su identidad e indicando expresamente el derecho que desea ejercitar, a MIOTI en el domicilio m\u00e1s arriba indicado o enviando un correo electr\u00f3nico a la direcci\u00f3n dpd@mioti.es<\/p>\n<h3>MEDIDAS DE SEGURIDAD T\u00c9CNICAS Y ORGANIZATIVAS<\/h3>\n<p>MIOTI ha adoptado las medidas t\u00e9cnicas y organizativas necesarias para garantizar la seguridad e integridad de los datos, as\u00ed como para evitar su alteraci\u00f3n, perdida, tratamiento o acceso no autorizado.<\/p>\n<h3>DATOS FACILITADOS<\/h3>\n<p>Los datos que se soliciten son los estrictamente necesarios para atender a su solicitud, los cuales el Usuario comunica voluntariamente. La negativa a proporcionar los datos calificados como obligatorios supondr\u00e1 la no prestaci\u00f3n o la imposibilidad de acceder al servicio para los que eran solicitados. As\u00ed mismo, podr\u00e1n facilitarse datos de modo voluntario con el objetivo de que puedan prestarse de modo \u00f3ptimo los servicios. Igualmente, en aquellos supuestos en los que se facilite datos de terceros, el Usuario se compromete a informarles del contenido de la presente pol\u00edtica de privacidad.<\/p>\n<p>El Usuario se compromete a comunicar a la mayor brevedad posible a MIOTI cualquier modificaci\u00f3n y rectificaci\u00f3n de sus datos de car\u00e1cter personal a los efectos de que la informaci\u00f3n contenida en los Registros de Actividad de MIOTI est\u00e9n en todo momento actualizada.<\/p>\n<p>En base al inter\u00e9s leg\u00edtimo de MIOTI los datos personales del interesado podr\u00e1n ser utilizados para el establecimiento o mantenimiento de relaciones comerciales por cualquier v\u00eda incluida la v\u00eda electr\u00f3nica, sobre informaci\u00f3n de inter\u00e9s sobre productos y servicios de MIOTI, pudiendo en cualquier momento oponerse a dicho tratamiento con finalidad comercial enviando un correo electr\u00f3nico a la direcci\u00f3n dpd@mioti.es<\/p>\n","protected":false},"excerpt":{"rendered":"<p>TITULARIDAD En cumplimiento de lo establecido en el Reglamento (UE) 2016\/ 679 del Parlamento Europeo y del Consejo, de 27 de abril de 2016 (en adelante RGPD) le informamos que los datos personales comunicados ser\u00e1n incorporados a una Base de Datos titularidad MADRID INTERNET OF THINGS INSTITUTE, S.L. (en adelante MIOTI) con: CIF:\u00a0B-87919296 Direcci\u00f3n postal:\u00a0Rufino [&hellip;]<\/p>\n","protected":false},"author":6,"featured_media":0,"parent":0,"menu_order":0,"comment_status":"closed","ping_status":"closed","template":"","meta":{"_acf_changed":false,"_joinchat":[],"footnotes":""},"class_list":["post-27226","page","type-page","status-publish","hentry"],"acf":[],"yoast_head":"<!-- This site is optimized with the Yoast SEO Premium plugin v26.2 (Yoast SEO v27.3) - https:\/\/yoast.com\/product\/yoast-seo-premium-wordpress\/ -->\n<title>Pol\u00edtica de Privacidad | MIOTI<\/title>\n<meta name=\"robots\" content=\"noindex, follow\" \/>\n<meta property=\"og:locale\" content=\"es_ES\" \/>\n<meta property=\"og:type\" content=\"article\" \/>\n<meta property=\"og:title\" content=\"Pol\u00edtica de Privacidad\" \/>\n<meta property=\"og:description\" content=\"TITULARIDAD En cumplimiento de lo establecido en el Reglamento (UE) 2016\/ 679 del Parlamento Europeo y del Consejo, de 27 de abril de 2016 (en adelante RGPD) le informamos que los datos personales comunicados ser\u00e1n incorporados a una Base de Datos titularidad MADRID INTERNET OF THINGS INSTITUTE, S.L. (en adelante MIOTI) con: CIF:\u00a0B-87919296 Direcci\u00f3n postal:\u00a0Rufino [&hellip;]\" \/>\n<meta property=\"og:url\" content=\"https:\/\/mioti.es\/cl\/politica-de-privacidad\/\" \/>\n<meta property=\"og:site_name\" content=\"MIOTI\" \/>\n<meta property=\"article:publisher\" content=\"https:\/\/www.facebook.com\/MIOTISchool\" \/>\n<meta property=\"article:modified_time\" content=\"2023-02-21T09:44:37+00:00\" \/>\n<meta property=\"og:image\" content=\"https:\/\/mioti.es\/wp-content\/uploads\/2023\/09\/09-20-Nuevo-Campus_Miniatura-blog.webp\" \/>\n\t<meta property=\"og:image:width\" content=\"579\" \/>\n\t<meta property=\"og:image:height\" content=\"433\" \/>\n\t<meta property=\"og:image:type\" content=\"image\/webp\" \/>\n<meta name=\"twitter:card\" content=\"summary_large_image\" \/>\n<meta name=\"twitter:site\" content=\"@MyMioti\" \/>\n<script type=\"application\/ld+json\" class=\"yoast-schema-graph\">{\"@context\":\"https:\\\/\\\/schema.org\",\"@graph\":[{\"@type\":\"WebPage\",\"@id\":\"https:\\\/\\\/mioti.es\\\/cl\\\/politica-de-privacidad\\\/\",\"url\":\"https:\\\/\\\/mioti.es\\\/cl\\\/politica-de-privacidad\\\/\",\"name\":\"Pol\u00edtica de Privacidad | MIOTI\",\"isPartOf\":{\"@id\":\"https:\\\/\\\/mioti.es\\\/es\\\/#website\"},\"datePublished\":\"2022-02-23T09:44:59+00:00\",\"dateModified\":\"2023-02-21T09:44:37+00:00\",\"breadcrumb\":{\"@id\":\"https:\\\/\\\/mioti.es\\\/cl\\\/politica-de-privacidad\\\/#breadcrumb\"},\"inLanguage\":\"es-CL\",\"potentialAction\":[{\"@type\":\"ReadAction\",\"target\":[\"https:\\\/\\\/mioti.es\\\/cl\\\/politica-de-privacidad\\\/\"]}]},{\"@type\":\"BreadcrumbList\",\"@id\":\"https:\\\/\\\/mioti.es\\\/cl\\\/politica-de-privacidad\\\/#breadcrumb\",\"itemListElement\":[{\"@type\":\"ListItem\",\"position\":1,\"name\":\"Home\",\"item\":\"https:\\\/\\\/mioti.es\\\/cl\\\/\"},{\"@type\":\"ListItem\",\"position\":2,\"name\":\"Pol\u00edtica de Privacidad\"}]},{\"@type\":\"WebSite\",\"@id\":\"https:\\\/\\\/mioti.es\\\/es\\\/#website\",\"url\":\"https:\\\/\\\/mioti.es\\\/es\\\/\",\"name\":\"MIOTI Tech & Business School\",\"description\":\"MIOTI Tech &amp; Business School\",\"publisher\":{\"@id\":\"https:\\\/\\\/mioti.es\\\/es\\\/#organization\"},\"alternateName\":\"MIOTI\",\"potentialAction\":[{\"@type\":\"SearchAction\",\"target\":{\"@type\":\"EntryPoint\",\"urlTemplate\":\"https:\\\/\\\/mioti.es\\\/es\\\/?s={search_term_string}\"},\"query-input\":{\"@type\":\"PropertyValueSpecification\",\"valueRequired\":true,\"valueName\":\"search_term_string\"}}],\"inLanguage\":\"es-CL\"},{\"@type\":\"Organization\",\"@id\":\"https:\\\/\\\/mioti.es\\\/es\\\/#organization\",\"name\":\"MIOTI Tech & Business School\",\"alternateName\":\"MIOTI\",\"url\":\"https:\\\/\\\/mioti.es\\\/es\\\/\",\"logo\":{\"@type\":\"ImageObject\",\"inLanguage\":\"es-CL\",\"@id\":\"https:\\\/\\\/mioti.es\\\/es\\\/#\\\/schema\\\/logo\\\/image\\\/\",\"url\":\"https:\\\/\\\/mioti.es\\\/wp-content\\\/uploads\\\/2023\\\/09\\\/logo-fondo-rosa-1.webp\",\"contentUrl\":\"https:\\\/\\\/mioti.es\\\/wp-content\\\/uploads\\\/2023\\\/09\\\/logo-fondo-rosa-1.webp\",\"width\":696,\"height\":696,\"caption\":\"MIOTI Tech & Business School\"},\"image\":{\"@id\":\"https:\\\/\\\/mioti.es\\\/es\\\/#\\\/schema\\\/logo\\\/image\\\/\"},\"sameAs\":[\"https:\\\/\\\/www.facebook.com\\\/MIOTISchool\",\"https:\\\/\\\/x.com\\\/MyMioti\",\"https:\\\/\\\/www.instagram.com\\\/mioti_school\\\/\",\"https:\\\/\\\/www.linkedin.com\\\/school\\\/mioti\\\/\"]}]}<\/script>\n<!-- \/ Yoast SEO Premium plugin. -->","yoast_head_json":{"title":"Pol\u00edtica de Privacidad | MIOTI","robots":{"index":"noindex","follow":"follow"},"og_locale":"es_ES","og_type":"article","og_title":"Pol\u00edtica de Privacidad","og_description":"TITULARIDAD En cumplimiento de lo establecido en el Reglamento (UE) 2016\/ 679 del Parlamento Europeo y del Consejo, de 27 de abril de 2016 (en adelante RGPD) le informamos que los datos personales comunicados ser\u00e1n incorporados a una Base de Datos titularidad MADRID INTERNET OF THINGS INSTITUTE, S.L. (en adelante MIOTI) con: CIF:\u00a0B-87919296 Direcci\u00f3n postal:\u00a0Rufino [&hellip;]","og_url":"https:\/\/mioti.es\/cl\/politica-de-privacidad\/","og_site_name":"MIOTI","article_publisher":"https:\/\/www.facebook.com\/MIOTISchool","article_modified_time":"2023-02-21T09:44:37+00:00","og_image":[{"width":579,"height":433,"url":"https:\/\/mioti.es\/wp-content\/uploads\/2023\/09\/09-20-Nuevo-Campus_Miniatura-blog.webp","type":"image\/webp"}],"twitter_card":"summary_large_image","twitter_site":"@MyMioti","schema":{"@context":"https:\/\/schema.org","@graph":[{"@type":"WebPage","@id":"https:\/\/mioti.es\/cl\/politica-de-privacidad\/","url":"https:\/\/mioti.es\/cl\/politica-de-privacidad\/","name":"Pol\u00edtica de Privacidad | MIOTI","isPartOf":{"@id":"https:\/\/mioti.es\/es\/#website"},"datePublished":"2022-02-23T09:44:59+00:00","dateModified":"2023-02-21T09:44:37+00:00","breadcrumb":{"@id":"https:\/\/mioti.es\/cl\/politica-de-privacidad\/#breadcrumb"},"inLanguage":"es-CL","potentialAction":[{"@type":"ReadAction","target":["https:\/\/mioti.es\/cl\/politica-de-privacidad\/"]}]},{"@type":"BreadcrumbList","@id":"https:\/\/mioti.es\/cl\/politica-de-privacidad\/#breadcrumb","itemListElement":[{"@type":"ListItem","position":1,"name":"Home","item":"https:\/\/mioti.es\/cl\/"},{"@type":"ListItem","position":2,"name":"Pol\u00edtica de Privacidad"}]},{"@type":"WebSite","@id":"https:\/\/mioti.es\/es\/#website","url":"https:\/\/mioti.es\/es\/","name":"MIOTI Tech & Business School","description":"MIOTI Tech &amp; Business School","publisher":{"@id":"https:\/\/mioti.es\/es\/#organization"},"alternateName":"MIOTI","potentialAction":[{"@type":"SearchAction","target":{"@type":"EntryPoint","urlTemplate":"https:\/\/mioti.es\/es\/?s={search_term_string}"},"query-input":{"@type":"PropertyValueSpecification","valueRequired":true,"valueName":"search_term_string"}}],"inLanguage":"es-CL"},{"@type":"Organization","@id":"https:\/\/mioti.es\/es\/#organization","name":"MIOTI Tech & Business School","alternateName":"MIOTI","url":"https:\/\/mioti.es\/es\/","logo":{"@type":"ImageObject","inLanguage":"es-CL","@id":"https:\/\/mioti.es\/es\/#\/schema\/logo\/image\/","url":"https:\/\/mioti.es\/wp-content\/uploads\/2023\/09\/logo-fondo-rosa-1.webp","contentUrl":"https:\/\/mioti.es\/wp-content\/uploads\/2023\/09\/logo-fondo-rosa-1.webp","width":696,"height":696,"caption":"MIOTI Tech & Business School"},"image":{"@id":"https:\/\/mioti.es\/es\/#\/schema\/logo\/image\/"},"sameAs":["https:\/\/www.facebook.com\/MIOTISchool","https:\/\/x.com\/MyMioti","https:\/\/www.instagram.com\/mioti_school\/","https:\/\/www.linkedin.com\/school\/mioti\/"]}]}},"_links":{"self":[{"href":"https:\/\/mioti.es\/cl\/wp-json\/wp\/v2\/pages\/27226","targetHints":{"allow":["GET"]}}],"collection":[{"href":"https:\/\/mioti.es\/cl\/wp-json\/wp\/v2\/pages"}],"about":[{"href":"https:\/\/mioti.es\/cl\/wp-json\/wp\/v2\/types\/page"}],"author":[{"embeddable":true,"href":"https:\/\/mioti.es\/cl\/wp-json\/wp\/v2\/users\/6"}],"replies":[{"embeddable":true,"href":"https:\/\/mioti.es\/cl\/wp-json\/wp\/v2\/comments?post=27226"}],"version-history":[{"count":1,"href":"https:\/\/mioti.es\/cl\/wp-json\/wp\/v2\/pages\/27226\/revisions"}],"predecessor-version":[{"id":27228,"href":"https:\/\/mioti.es\/cl\/wp-json\/wp\/v2\/pages\/27226\/revisions\/27228"}],"wp:attachment":[{"href":"https:\/\/mioti.es\/cl\/wp-json\/wp\/v2\/media?parent=27226"}],"curies":[{"name":"wp","href":"https:\/\/api.w.org\/{rel}","templated":true}]}}