{"id":27224,"date":"2022-02-23T09:44:36","date_gmt":"2022-02-23T09:44:36","guid":{"rendered":"https:\/\/mioti.es\/?page_id=27224"},"modified":"2023-02-21T09:43:43","modified_gmt":"2023-02-21T09:43:43","slug":"politica-de-cookies","status":"publish","type":"page","link":"https:\/\/mioti.es\/cl\/politica-de-cookies\/","title":{"rendered":"Pol\u00edtica de Cookies"},"content":{"rendered":"<h3>\u00bfQUE SON LAS COOKIES?<\/h3>\n<p>Las cookies son peque\u00f1os archivos de informaci\u00f3n que se env\u00edan y almacenan en el equipo desde el que se accede a la Web www.mioti.es\/es (PC u ordenador personal, tel\u00e9fono m\u00f3vil, tableta o televisi\u00f3n conectada) facilitando el uso de la misma, para ofrecer un mejor servicio.<\/p>\n<p>MADRID INTERNET OF THINGS INSTITUTE S.L. (MIOTI) utiliza tanto cookies propias como de terceros que ayudan a mejorar la calidad permiti\u00e9ndonos comparar, recordar, controlar y entender como navegan nuestros usuarios a trav\u00e9s de la Web, identificando que es lo encuentran \u00fatil y lo que no y poder as\u00ed, mejorar el proceso de navegaci\u00f3n.<\/p>\n<p>Las cookies que utiliza la Web no da\u00f1an tu equipo. \u00danicamente, sirven para mejorar los servicios ofrecidos. Algunas son estrictamente necesarias para que la p\u00e1gina funcione bien (t\u00e9cnicas y de personalizaci\u00f3n) y otras sirven para mejorar el rendimiento y experiencia como usuario (an\u00e1lisis, publicitarias y de publicidad comportamental).<\/p>\n<p>La Web utiliza tanto cookies de sesi\u00f3n, temporales, como cookies permanentes. Las cookies de sesi\u00f3n almacenan datos mientras el usuario accede a la Web, caducan al cerrar el navegador; mientras que las cookies permanentes almacenan los datos en el terminal para que sean accedidos y utilizados en m\u00e1s de una sesi\u00f3n, suelen caducar cuando transcurre un periodo de tiempo que puede oscilar entre los dos meses y los dos a\u00f1os.<\/p>\n<h3>DESACTIVACI\u00d3N DE COOKIES.<\/h3>\n<p>Tienes la opci\u00f3n de permitir, bloquear o eliminar las cookies instaladas en tu equipo mediante la configuraci\u00f3n de las opciones del navegador instalado en su equipo. Al desactivar cookies, algunos de los servicios disponibles podr\u00edan dejar de estar operativos. La forma de deshabilitar las cookies es diferente para cada navegador, pero normalmente puede hacerse desde el men\u00fa Herramientas u Opciones. Tambi\u00e9n puede consultarse el men\u00fa de Ayuda del navegador donde puedes encontrar instrucciones. El usuario podr\u00e1 -en cualquier momento- elegir qu\u00e9 cookies quiere que funcionen en este sitio web mediante:<\/p>\n<p>la configuraci\u00f3n del navegador; por ejemplo:<\/p>\n<ul>\n<li>Microsoft Internet Explorer<\/li>\n<li>Mozilla Firefox<\/li>\n<li>Chrome<\/li>\n<li>Safari<\/li>\n<li>Opera<\/li>\n<\/ul>\n<h3>TIPOS DE COOKIES<\/h3>\n<p>Seg\u00fan la finalidad para la que se traten los datos obtenidos a trav\u00e9s de las cookies, la Web puede utilizar:<\/p>\n<ul>\n<li><strong>Cookies t\u00e9cnicas:<\/strong>\u00a0son aqu\u00e9llas que permiten al usuario la navegaci\u00f3n a trav\u00e9s de una p\u00e1gina web, plataforma o aplicaci\u00f3n y la utilizaci\u00f3n de las diferentes opciones o servicios que en ella existan como, por ejemplo, controlar el tr\u00e1fico y la comunicaci\u00f3n de datos, identificar la sesi\u00f3n, acceder a partes de acceso restringido.<\/li>\n<li><strong>Cookies de personalizaci\u00f3n:<\/strong>\u00a0son aqu\u00e9llas que permiten al usuario acceder al servicio con algunas caracter\u00edsticas de car\u00e1cter general predefinidas en funci\u00f3n de una serie de criterios en el terminal del usuario como por ejemplo serian el idioma, el tipo de navegador<\/li>\n<li><strong>Cookies de an\u00e1lisis:<\/strong>\u00a0son aqu\u00e9llas que permiten el seguimiento y an\u00e1lisis del comportamiento de los usuarios de los sitios Web a los que est\u00e1n vinculadas. La informaci\u00f3n recogida mediante este tipo de cookies se utiliza en la medici\u00f3n de la actividad de los sitios Web, aplicaci\u00f3n o plataforma y para la elaboraci\u00f3n de perfiles de navegaci\u00f3n de los usuarios.<\/li>\n<li><strong>Cookies publicitarias:<\/strong>\u00a0son aqu\u00e9llas que permiten la gesti\u00f3n, de la forma m\u00e1s eficaz posible, de los espacios publicitarios.<\/li>\n<li>Cookies de publicidad comportamental: estas cookies almacenan informaci\u00f3n del comportamiento de los usuarios obtenida a trav\u00e9s de la observaci\u00f3n continuada de sus h\u00e1bitos de navegaci\u00f3n, lo que permite desarrollar un perfil espec\u00edfico para mostrar publicidad en funci\u00f3n del mismo.<\/li>\n<li><strong>Cookies de redes sociales externas:<\/strong>\u00a0que se utilizan para que los visitantes puedan interactuar con el contenido de diferentes plataformas sociales (facebook, youtube, twitter, linkedIn, etc..) y que se generen \u00fanicamente para los usuarios de dichas redes sociales. Las condiciones de utilizaci\u00f3n de estas cookies y la informaci\u00f3n recopilada se regula por la pol\u00edtica de privacidad de la plataforma social correspondiente.<\/li>\n<\/ul>\n<p>Actualmente en la WEB se utilizan los siguientes tipos de cookies:<\/p>\n<h4>COOKIES PROPIAS:<\/h4>\n<ul>\n<li><strong>Cookies T\u00e9cnicas:<\/strong>\u00a0Gestionan la correcta navegaci\u00f3n a trav\u00e9s de la Web y sus contenidos, permitiendo identificar las sesiones de usuario y proteger su uso.<\/li>\n<\/ul>\n<ul>\n<li><strong>Cookies de Personalizaci\u00f3n:<\/strong>\u00a0Permiten mejorar la experiencia del usuario almacenando variables personalizadas como el idioma o las preferencias en la navegaci\u00f3n.<\/li>\n<\/ul>\n<h4>COOKIES DE TERCEROS<\/h4>\n<p>(La informaci\u00f3n recogida a continuaci\u00f3n ha sido facilitada por esos terceros)<\/p>\n<h5>Cookies de An\u00e1lisis<\/h5>\n<ul>\n<li><strong>Google Analytics:<\/strong>\u00a0La Web utiliza Google Analytics, un servicio anal\u00edtico de Web prestado por Google, Inc., una compa\u00f1\u00eda de Delaware cuya oficina principal est\u00e1 en 1600 Amphitheatre Parkway, Mountain View (California), CA 94043, Estados Unidos (\u201cGoogle\u201d). La informaci\u00f3n que genera la cookie acerca de su uso de la Web (incluyendo su direcci\u00f3n IP) ser\u00e1 directamente transmitida y archivada por Google en los servidores de Estados Unidos. Google usar\u00e1 esta informaci\u00f3n por cuenta de MIOTI con el prop\u00f3sito de seguir la pista de su uso de la Web, recopilando informes de actividad y prestando otros servicios relacionados con la actividad y el uso de Internet. Google no asociar\u00e1 su direcci\u00f3n IP con ning\u00fan otro dato del que disponga Google. Ver\u00a0https:\/\/tools.google.com\/dlpage\/gaoptout<\/li>\n<\/ul>\n<h5>Cookies de Redes Sociales Externas<\/h5>\n<ul>\n<li><strong>Facebook<\/strong>: Facebook proporciona botones y otras funcionalidades para que puedas compartir enlaces a nuestra web en tu perfil. La informaci\u00f3n enviada fuera de la UE a Facebook, relativa a las p\u00e1ginas que has visitado o sobre las cosas que te interesan, son utilizadas por Facebook conforme sus pol\u00edticas de privacidad. Ver<br \/>\nhttps:\/\/www.facebook.com\/help\/cookies\/<\/li>\n<\/ul>\n<ul>\n<li><strong>Twitter:<\/strong>\u00a0Twitter proporciona botones y otras funcionalidades para que puedas compartir enlaces a nuestra web. La informaci\u00f3n enviada fuera de la UE a Twitter, son utilizadas por Twitter conforme sus pol\u00edticas de privacidad. Ver<br \/>\nhttps:\/\/twitter.com\/privacy?lang=es<\/li>\n<\/ul>\n<ul>\n<li><strong>LinkedIn:\u00a0<\/strong>Linkedin proporciona botones y otras funcionalidades para que puedas compartir enlaces a nuestra web en tu perfil. La informaci\u00f3n enviada fuera de la UE a Linkedin, relativa a las p\u00e1ginas que has visitado o sobre las cosas que te interesan, son utilizadas por Linkedin conforme sus pol\u00edticas de privacidad. Ver\u00a0https:\/\/www.linkedin.com\/legal\/cookie-policy<\/li>\n<\/ul>\n<p>Los sistemas de opt-out espec\u00edficos indicados en la tabla anterior respecto de la cookie de que se trate (estos sistemas pueden conllevar que se instale en su equipo una cookie \u201cde rechazo\u201d para que funcione su elecci\u00f3n de desactivaci\u00f3n); u otras herramientas de terceros, disponibles on line, que permiten a los usuarios detectar las cookies en cada sitio web que visita y gestionar su desactivaci\u00f3n.<\/p>\n<p>MADRID INTERNET OF THINGS INSTITUTE S.L. no se hace responsable del contenido y veracidad de las pol\u00edticas de privacidad de los terceros incluidas en esta pol\u00edtica de cookies.<\/p>\n<p>Cualquier duda o cuesti\u00f3n que tenga sobre esta pol\u00edtica de cookies, puede contactar con MIOTI en info@mioti.es<\/p>\n","protected":false},"excerpt":{"rendered":"<p>\u00bfQUE SON LAS COOKIES? Las cookies son peque\u00f1os archivos de informaci\u00f3n que se env\u00edan y almacenan en el equipo desde el que se accede a la Web www.mioti.es\/es (PC u ordenador personal, tel\u00e9fono m\u00f3vil, tableta o televisi\u00f3n conectada) facilitando el uso de la misma, para ofrecer un mejor servicio. MADRID INTERNET OF THINGS INSTITUTE S.L. [&hellip;]<\/p>\n","protected":false},"author":6,"featured_media":0,"parent":0,"menu_order":0,"comment_status":"closed","ping_status":"closed","template":"","meta":{"_acf_changed":false,"_joinchat":[],"footnotes":""},"class_list":["post-27224","page","type-page","status-publish","hentry"],"acf":[],"yoast_head":"<!-- This site is optimized with the Yoast SEO Premium plugin v26.2 (Yoast SEO v27.3) - https:\/\/yoast.com\/product\/yoast-seo-premium-wordpress\/ -->\n<title>Pol\u00edtica de Cookies | MIOTI<\/title>\n<meta name=\"robots\" content=\"noindex, follow\" \/>\n<meta property=\"og:locale\" content=\"es_ES\" \/>\n<meta property=\"og:type\" content=\"article\" \/>\n<meta property=\"og:title\" content=\"Pol\u00edtica de Cookies\" \/>\n<meta property=\"og:description\" content=\"\u00bfQUE SON LAS COOKIES? Las cookies son peque\u00f1os archivos de informaci\u00f3n que se env\u00edan y almacenan en el equipo desde el que se accede a la Web www.mioti.es\/es (PC u ordenador personal, tel\u00e9fono m\u00f3vil, tableta o televisi\u00f3n conectada) facilitando el uso de la misma, para ofrecer un mejor servicio. MADRID INTERNET OF THINGS INSTITUTE S.L. [&hellip;]\" \/>\n<meta property=\"og:url\" content=\"https:\/\/mioti.es\/cl\/politica-de-cookies\/\" \/>\n<meta property=\"og:site_name\" content=\"MIOTI\" \/>\n<meta property=\"article:publisher\" content=\"https:\/\/www.facebook.com\/MIOTISchool\" \/>\n<meta property=\"article:modified_time\" content=\"2023-02-21T09:43:43+00:00\" \/>\n<meta property=\"og:image\" content=\"https:\/\/mioti.es\/wp-content\/uploads\/2023\/09\/09-20-Nuevo-Campus_Miniatura-blog.webp\" \/>\n\t<meta property=\"og:image:width\" content=\"579\" \/>\n\t<meta property=\"og:image:height\" content=\"433\" \/>\n\t<meta property=\"og:image:type\" content=\"image\/webp\" \/>\n<meta name=\"twitter:card\" content=\"summary_large_image\" \/>\n<meta name=\"twitter:site\" content=\"@MyMioti\" \/>\n<meta name=\"twitter:label1\" content=\"Tiempo estimado de lectura\" \/>\n\t<meta name=\"twitter:data1\" content=\"5 minutos\" \/>\n<script type=\"application\/ld+json\" class=\"yoast-schema-graph\">{\"@context\":\"https:\\\/\\\/schema.org\",\"@graph\":[{\"@type\":\"WebPage\",\"@id\":\"https:\\\/\\\/mioti.es\\\/cl\\\/politica-de-cookies\\\/\",\"url\":\"https:\\\/\\\/mioti.es\\\/cl\\\/politica-de-cookies\\\/\",\"name\":\"Pol\u00edtica de Cookies | MIOTI\",\"isPartOf\":{\"@id\":\"https:\\\/\\\/mioti.es\\\/es\\\/#website\"},\"datePublished\":\"2022-02-23T09:44:36+00:00\",\"dateModified\":\"2023-02-21T09:43:43+00:00\",\"breadcrumb\":{\"@id\":\"https:\\\/\\\/mioti.es\\\/cl\\\/politica-de-cookies\\\/#breadcrumb\"},\"inLanguage\":\"es-CL\",\"potentialAction\":[{\"@type\":\"ReadAction\",\"target\":[\"https:\\\/\\\/mioti.es\\\/cl\\\/politica-de-cookies\\\/\"]}]},{\"@type\":\"BreadcrumbList\",\"@id\":\"https:\\\/\\\/mioti.es\\\/cl\\\/politica-de-cookies\\\/#breadcrumb\",\"itemListElement\":[{\"@type\":\"ListItem\",\"position\":1,\"name\":\"Home\",\"item\":\"https:\\\/\\\/mioti.es\\\/cl\\\/\"},{\"@type\":\"ListItem\",\"position\":2,\"name\":\"Pol\u00edtica de Cookies\"}]},{\"@type\":\"WebSite\",\"@id\":\"https:\\\/\\\/mioti.es\\\/es\\\/#website\",\"url\":\"https:\\\/\\\/mioti.es\\\/es\\\/\",\"name\":\"MIOTI Tech & Business School\",\"description\":\"MIOTI Tech &amp; Business School\",\"publisher\":{\"@id\":\"https:\\\/\\\/mioti.es\\\/es\\\/#organization\"},\"alternateName\":\"MIOTI\",\"potentialAction\":[{\"@type\":\"SearchAction\",\"target\":{\"@type\":\"EntryPoint\",\"urlTemplate\":\"https:\\\/\\\/mioti.es\\\/es\\\/?s={search_term_string}\"},\"query-input\":{\"@type\":\"PropertyValueSpecification\",\"valueRequired\":true,\"valueName\":\"search_term_string\"}}],\"inLanguage\":\"es-CL\"},{\"@type\":\"Organization\",\"@id\":\"https:\\\/\\\/mioti.es\\\/es\\\/#organization\",\"name\":\"MIOTI Tech & Business School\",\"alternateName\":\"MIOTI\",\"url\":\"https:\\\/\\\/mioti.es\\\/es\\\/\",\"logo\":{\"@type\":\"ImageObject\",\"inLanguage\":\"es-CL\",\"@id\":\"https:\\\/\\\/mioti.es\\\/es\\\/#\\\/schema\\\/logo\\\/image\\\/\",\"url\":\"https:\\\/\\\/mioti.es\\\/wp-content\\\/uploads\\\/2023\\\/09\\\/logo-fondo-rosa-1.webp\",\"contentUrl\":\"https:\\\/\\\/mioti.es\\\/wp-content\\\/uploads\\\/2023\\\/09\\\/logo-fondo-rosa-1.webp\",\"width\":696,\"height\":696,\"caption\":\"MIOTI Tech & Business School\"},\"image\":{\"@id\":\"https:\\\/\\\/mioti.es\\\/es\\\/#\\\/schema\\\/logo\\\/image\\\/\"},\"sameAs\":[\"https:\\\/\\\/www.facebook.com\\\/MIOTISchool\",\"https:\\\/\\\/x.com\\\/MyMioti\",\"https:\\\/\\\/www.instagram.com\\\/mioti_school\\\/\",\"https:\\\/\\\/www.linkedin.com\\\/school\\\/mioti\\\/\"]}]}<\/script>\n<!-- \/ Yoast SEO Premium plugin. -->","yoast_head_json":{"title":"Pol\u00edtica de Cookies | MIOTI","robots":{"index":"noindex","follow":"follow"},"og_locale":"es_ES","og_type":"article","og_title":"Pol\u00edtica de Cookies","og_description":"\u00bfQUE SON LAS COOKIES? Las cookies son peque\u00f1os archivos de informaci\u00f3n que se env\u00edan y almacenan en el equipo desde el que se accede a la Web www.mioti.es\/es (PC u ordenador personal, tel\u00e9fono m\u00f3vil, tableta o televisi\u00f3n conectada) facilitando el uso de la misma, para ofrecer un mejor servicio. MADRID INTERNET OF THINGS INSTITUTE S.L. [&hellip;]","og_url":"https:\/\/mioti.es\/cl\/politica-de-cookies\/","og_site_name":"MIOTI","article_publisher":"https:\/\/www.facebook.com\/MIOTISchool","article_modified_time":"2023-02-21T09:43:43+00:00","og_image":[{"width":579,"height":433,"url":"https:\/\/mioti.es\/wp-content\/uploads\/2023\/09\/09-20-Nuevo-Campus_Miniatura-blog.webp","type":"image\/webp"}],"twitter_card":"summary_large_image","twitter_site":"@MyMioti","twitter_misc":{"Tiempo estimado de lectura":"5 minutos"},"schema":{"@context":"https:\/\/schema.org","@graph":[{"@type":"WebPage","@id":"https:\/\/mioti.es\/cl\/politica-de-cookies\/","url":"https:\/\/mioti.es\/cl\/politica-de-cookies\/","name":"Pol\u00edtica de Cookies | MIOTI","isPartOf":{"@id":"https:\/\/mioti.es\/es\/#website"},"datePublished":"2022-02-23T09:44:36+00:00","dateModified":"2023-02-21T09:43:43+00:00","breadcrumb":{"@id":"https:\/\/mioti.es\/cl\/politica-de-cookies\/#breadcrumb"},"inLanguage":"es-CL","potentialAction":[{"@type":"ReadAction","target":["https:\/\/mioti.es\/cl\/politica-de-cookies\/"]}]},{"@type":"BreadcrumbList","@id":"https:\/\/mioti.es\/cl\/politica-de-cookies\/#breadcrumb","itemListElement":[{"@type":"ListItem","position":1,"name":"Home","item":"https:\/\/mioti.es\/cl\/"},{"@type":"ListItem","position":2,"name":"Pol\u00edtica de Cookies"}]},{"@type":"WebSite","@id":"https:\/\/mioti.es\/es\/#website","url":"https:\/\/mioti.es\/es\/","name":"MIOTI Tech & Business School","description":"MIOTI Tech &amp; Business School","publisher":{"@id":"https:\/\/mioti.es\/es\/#organization"},"alternateName":"MIOTI","potentialAction":[{"@type":"SearchAction","target":{"@type":"EntryPoint","urlTemplate":"https:\/\/mioti.es\/es\/?s={search_term_string}"},"query-input":{"@type":"PropertyValueSpecification","valueRequired":true,"valueName":"search_term_string"}}],"inLanguage":"es-CL"},{"@type":"Organization","@id":"https:\/\/mioti.es\/es\/#organization","name":"MIOTI Tech & Business School","alternateName":"MIOTI","url":"https:\/\/mioti.es\/es\/","logo":{"@type":"ImageObject","inLanguage":"es-CL","@id":"https:\/\/mioti.es\/es\/#\/schema\/logo\/image\/","url":"https:\/\/mioti.es\/wp-content\/uploads\/2023\/09\/logo-fondo-rosa-1.webp","contentUrl":"https:\/\/mioti.es\/wp-content\/uploads\/2023\/09\/logo-fondo-rosa-1.webp","width":696,"height":696,"caption":"MIOTI Tech & Business School"},"image":{"@id":"https:\/\/mioti.es\/es\/#\/schema\/logo\/image\/"},"sameAs":["https:\/\/www.facebook.com\/MIOTISchool","https:\/\/x.com\/MyMioti","https:\/\/www.instagram.com\/mioti_school\/","https:\/\/www.linkedin.com\/school\/mioti\/"]}]}},"_links":{"self":[{"href":"https:\/\/mioti.es\/cl\/wp-json\/wp\/v2\/pages\/27224","targetHints":{"allow":["GET"]}}],"collection":[{"href":"https:\/\/mioti.es\/cl\/wp-json\/wp\/v2\/pages"}],"about":[{"href":"https:\/\/mioti.es\/cl\/wp-json\/wp\/v2\/types\/page"}],"author":[{"embeddable":true,"href":"https:\/\/mioti.es\/cl\/wp-json\/wp\/v2\/users\/6"}],"replies":[{"embeddable":true,"href":"https:\/\/mioti.es\/cl\/wp-json\/wp\/v2\/comments?post=27224"}],"version-history":[{"count":1,"href":"https:\/\/mioti.es\/cl\/wp-json\/wp\/v2\/pages\/27224\/revisions"}],"predecessor-version":[{"id":27225,"href":"https:\/\/mioti.es\/cl\/wp-json\/wp\/v2\/pages\/27224\/revisions\/27225"}],"wp:attachment":[{"href":"https:\/\/mioti.es\/cl\/wp-json\/wp\/v2\/media?parent=27224"}],"curies":[{"name":"wp","href":"https:\/\/api.w.org\/{rel}","templated":true}]}}