{"id":27119,"date":"2022-01-17T13:48:42","date_gmt":"2022-01-17T13:48:42","guid":{"rendered":"https:\/\/mioti.es\/?page_id=27119"},"modified":"2025-07-01T15:47:58","modified_gmt":"2025-07-01T15:47:58","slug":"mioti-tech-business-school","status":"publish","type":"page","link":"https:\/\/mioti.es\/cl\/","title":{"rendered":"MIOTI Tech &#038; Business School"},"content":{"rendered":"<p>Prueba<\/p>\n","protected":false},"excerpt":{"rendered":"<p>Prueba<\/p>\n","protected":false},"author":6,"featured_media":32891,"parent":0,"menu_order":0,"comment_status":"closed","ping_status":"closed","template":"template-home.php","meta":{"_acf_changed":false,"_joinchat":[],"footnotes":""},"class_list":["post-27119","page","type-page","status-publish","has-post-thumbnail","hentry"],"acf":[],"yoast_head":"<!-- This site is optimized with the Yoast SEO Premium plugin v26.2 (Yoast SEO v27.2) - https:\/\/yoast.com\/product\/yoast-seo-premium-wordpress\/ -->\n<title>MIOTI Tech &amp; Business School<\/title>\n<meta name=\"description\" content=\"MIOTI es la escuela l\u00edder en IA, Data Science y Nuevas Tecnolog\u00edas. Aprende de forma 100% pr\u00e1ctica, guiado por expertos mundiales.\" \/>\n<meta name=\"robots\" content=\"index, follow, max-snippet:-1, max-image-preview:large, max-video-preview:-1\" \/>\n<link rel=\"canonical\" href=\"https:\/\/mioti.es\/es\/\" \/>\n<meta property=\"og:locale\" content=\"es_ES\" \/>\n<meta property=\"og:type\" content=\"article\" \/>\n<meta property=\"og:title\" content=\"MIOTI Tech &amp; Business School\" \/>\n<meta property=\"og:description\" content=\"MIOTI es la escuela l\u00edder en IA, Data Science y Nuevas Tecnolog\u00edas. Aprende de forma 100% pr\u00e1ctica, guiado por expertos mundiales.\" \/>\n<meta property=\"og:url\" content=\"https:\/\/mioti.es\/es\/\" \/>\n<meta property=\"og:site_name\" content=\"MIOTI\" \/>\n<meta property=\"article:publisher\" content=\"https:\/\/www.facebook.com\/MIOTISchool\" \/>\n<meta property=\"article:modified_time\" content=\"2025-07-01T15:47:58+00:00\" \/>\n<meta property=\"og:image\" content=\"https:\/\/mioti.es\/wp-content\/uploads\/2024\/12\/Graduacion-07396-copia.webp\" \/>\n\t<meta property=\"og:image:width\" content=\"3424\" \/>\n\t<meta property=\"og:image:height\" content=\"2085\" \/>\n\t<meta property=\"og:image:type\" content=\"image\/webp\" \/>\n<meta name=\"twitter:card\" content=\"summary_large_image\" \/>\n<meta name=\"twitter:title\" content=\"MIOTI Tech &amp; Business School\" \/>\n<meta name=\"twitter:description\" content=\"Los programas de MIOTI brindan una experiencia inmersiva que transformar\u00e1 tu mentalidad y tu carrera, donde la formacion digital sea una constante en tu vida profesional.\" \/>\n<meta name=\"twitter:site\" content=\"@MyMioti\" \/>\n<meta name=\"twitter:label1\" content=\"Tiempo estimado de lectura\" \/>\n\t<meta name=\"twitter:data1\" content=\"1 minuto\" \/>\n<script type=\"application\/ld+json\" class=\"yoast-schema-graph\">{\"@context\":\"https:\/\/schema.org\",\"@graph\":[{\"@type\":\"WebPage\",\"@id\":\"https:\/\/mioti.es\/cl\/\",\"url\":\"https:\/\/mioti.es\/es\/\",\"name\":\"MIOTI Tech & Business School\",\"isPartOf\":{\"@id\":\"https:\/\/mioti.es\/es\/#website\"},\"primaryImageOfPage\":{\"@id\":\"https:\/\/mioti.es\/es\/#primaryimage\"},\"image\":{\"@id\":\"https:\/\/mioti.es\/es\/#primaryimage\"},\"thumbnailUrl\":\"https:\/\/mioti.es\/wp-content\/uploads\/2023\/10\/foto-2.webp\",\"datePublished\":\"2022-01-17T13:48:42+00:00\",\"dateModified\":\"2025-07-01T15:47:58+00:00\",\"description\":\"MIOTI es la escuela l\u00edder en IA, Data Science y Nuevas Tecnolog\u00edas. Aprende de forma 100% pr\u00e1ctica, guiado por expertos mundiales.\",\"breadcrumb\":{\"@id\":\"https:\/\/mioti.es\/es\/#breadcrumb\"},\"inLanguage\":\"es-CL\",\"potentialAction\":[{\"@type\":\"ReadAction\",\"target\":[\"https:\/\/mioti.es\/es\/\"]}]},{\"@type\":\"ImageObject\",\"inLanguage\":\"es-CL\",\"@id\":\"https:\/\/mioti.es\/es\/#primaryimage\",\"url\":\"https:\/\/mioti.es\/wp-content\/uploads\/2023\/10\/foto-2.webp\",\"contentUrl\":\"https:\/\/mioti.es\/wp-content\/uploads\/2023\/10\/foto-2.webp\",\"width\":1280,\"height\":720,\"caption\":\"Portada MIOTI tech & Business School campus\"},{\"@type\":\"BreadcrumbList\",\"@id\":\"https:\/\/mioti.es\/es\/#breadcrumb\",\"itemListElement\":[{\"@type\":\"ListItem\",\"position\":1,\"name\":\"Home\",\"item\":\"https:\/\/mioti.es\/cl\/\"},{\"@type\":\"ListItem\",\"position\":2,\"name\":\"MIOTI Tech & Business School\"}]},{\"@type\":\"WebSite\",\"@id\":\"https:\/\/mioti.es\/es\/#website\",\"url\":\"https:\/\/mioti.es\/es\/\",\"name\":\"MIOTI Tech & Business School\",\"description\":\"MIOTI Tech &amp; Business School\",\"publisher\":{\"@id\":\"https:\/\/mioti.es\/es\/#organization\"},\"alternateName\":\"MIOTI\",\"potentialAction\":[{\"@type\":\"SearchAction\",\"target\":{\"@type\":\"EntryPoint\",\"urlTemplate\":\"https:\/\/mioti.es\/es\/?s={search_term_string}\"},\"query-input\":{\"@type\":\"PropertyValueSpecification\",\"valueRequired\":true,\"valueName\":\"search_term_string\"}}],\"inLanguage\":\"es-CL\"},{\"@type\":\"Organization\",\"@id\":\"https:\/\/mioti.es\/es\/#organization\",\"name\":\"MIOTI Tech & Business School\",\"alternateName\":\"MIOTI\",\"url\":\"https:\/\/mioti.es\/es\/\",\"logo\":{\"@type\":\"ImageObject\",\"inLanguage\":\"es-CL\",\"@id\":\"https:\/\/mioti.es\/es\/#\/schema\/logo\/image\/\",\"url\":\"https:\/\/mioti.es\/wp-content\/uploads\/2023\/09\/logo-fondo-rosa-1.webp\",\"contentUrl\":\"https:\/\/mioti.es\/wp-content\/uploads\/2023\/09\/logo-fondo-rosa-1.webp\",\"width\":696,\"height\":696,\"caption\":\"MIOTI Tech & Business School\"},\"image\":{\"@id\":\"https:\/\/mioti.es\/es\/#\/schema\/logo\/image\/\"},\"sameAs\":[\"https:\/\/www.facebook.com\/MIOTISchool\",\"https:\/\/x.com\/MyMioti\",\"https:\/\/www.instagram.com\/mioti_school\/\",\"https:\/\/www.linkedin.com\/school\/mioti\/\"]}]}<\/script>\n<!-- \/ Yoast SEO Premium plugin. -->","yoast_head_json":{"title":"MIOTI Tech & Business School","description":"MIOTI es la escuela l\u00edder en IA, Data Science y Nuevas Tecnolog\u00edas. Aprende de forma 100% pr\u00e1ctica, guiado por expertos mundiales.","robots":{"index":"index","follow":"follow","max-snippet":"max-snippet:-1","max-image-preview":"max-image-preview:large","max-video-preview":"max-video-preview:-1"},"canonical":"https:\/\/mioti.es\/es\/","og_locale":"es_ES","og_type":"article","og_title":"MIOTI Tech & Business School","og_description":"MIOTI es la escuela l\u00edder en IA, Data Science y Nuevas Tecnolog\u00edas. Aprende de forma 100% pr\u00e1ctica, guiado por expertos mundiales.","og_url":"https:\/\/mioti.es\/es\/","og_site_name":"MIOTI","article_publisher":"https:\/\/www.facebook.com\/MIOTISchool","article_modified_time":"2025-07-01T15:47:58+00:00","og_image":[{"width":3424,"height":2085,"url":"https:\/\/mioti.es\/wp-content\/uploads\/2024\/12\/Graduacion-07396-copia.webp","type":"image\/webp"}],"twitter_card":"summary_large_image","twitter_title":"MIOTI Tech & Business School","twitter_description":"Los programas de MIOTI brindan una experiencia inmersiva que transformar\u00e1 tu mentalidad y tu carrera, donde la formacion digital sea una constante en tu vida profesional.","twitter_site":"@MyMioti","twitter_misc":{"Tiempo estimado de lectura":"1 minuto"},"schema":{"@context":"https:\/\/schema.org","@graph":[{"@type":"WebPage","@id":"https:\/\/mioti.es\/cl\/","url":"https:\/\/mioti.es\/es\/","name":"MIOTI Tech & Business School","isPartOf":{"@id":"https:\/\/mioti.es\/es\/#website"},"primaryImageOfPage":{"@id":"https:\/\/mioti.es\/es\/#primaryimage"},"image":{"@id":"https:\/\/mioti.es\/es\/#primaryimage"},"thumbnailUrl":"https:\/\/mioti.es\/wp-content\/uploads\/2023\/10\/foto-2.webp","datePublished":"2022-01-17T13:48:42+00:00","dateModified":"2025-07-01T15:47:58+00:00","description":"MIOTI es la escuela l\u00edder en IA, Data Science y Nuevas Tecnolog\u00edas. Aprende de forma 100% pr\u00e1ctica, guiado por expertos mundiales.","breadcrumb":{"@id":"https:\/\/mioti.es\/es\/#breadcrumb"},"inLanguage":"es-CL","potentialAction":[{"@type":"ReadAction","target":["https:\/\/mioti.es\/es\/"]}]},{"@type":"ImageObject","inLanguage":"es-CL","@id":"https:\/\/mioti.es\/es\/#primaryimage","url":"https:\/\/mioti.es\/wp-content\/uploads\/2023\/10\/foto-2.webp","contentUrl":"https:\/\/mioti.es\/wp-content\/uploads\/2023\/10\/foto-2.webp","width":1280,"height":720,"caption":"Portada MIOTI tech & Business School campus"},{"@type":"BreadcrumbList","@id":"https:\/\/mioti.es\/es\/#breadcrumb","itemListElement":[{"@type":"ListItem","position":1,"name":"Home","item":"https:\/\/mioti.es\/cl\/"},{"@type":"ListItem","position":2,"name":"MIOTI Tech & Business School"}]},{"@type":"WebSite","@id":"https:\/\/mioti.es\/es\/#website","url":"https:\/\/mioti.es\/es\/","name":"MIOTI Tech & Business School","description":"MIOTI Tech &amp; Business School","publisher":{"@id":"https:\/\/mioti.es\/es\/#organization"},"alternateName":"MIOTI","potentialAction":[{"@type":"SearchAction","target":{"@type":"EntryPoint","urlTemplate":"https:\/\/mioti.es\/es\/?s={search_term_string}"},"query-input":{"@type":"PropertyValueSpecification","valueRequired":true,"valueName":"search_term_string"}}],"inLanguage":"es-CL"},{"@type":"Organization","@id":"https:\/\/mioti.es\/es\/#organization","name":"MIOTI Tech & Business School","alternateName":"MIOTI","url":"https:\/\/mioti.es\/es\/","logo":{"@type":"ImageObject","inLanguage":"es-CL","@id":"https:\/\/mioti.es\/es\/#\/schema\/logo\/image\/","url":"https:\/\/mioti.es\/wp-content\/uploads\/2023\/09\/logo-fondo-rosa-1.webp","contentUrl":"https:\/\/mioti.es\/wp-content\/uploads\/2023\/09\/logo-fondo-rosa-1.webp","width":696,"height":696,"caption":"MIOTI Tech & Business School"},"image":{"@id":"https:\/\/mioti.es\/es\/#\/schema\/logo\/image\/"},"sameAs":["https:\/\/www.facebook.com\/MIOTISchool","https:\/\/x.com\/MyMioti","https:\/\/www.instagram.com\/mioti_school\/","https:\/\/www.linkedin.com\/school\/mioti\/"]}]}},"_links":{"self":[{"href":"https:\/\/mioti.es\/cl\/wp-json\/wp\/v2\/pages\/27119","targetHints":{"allow":["GET"]}}],"collection":[{"href":"https:\/\/mioti.es\/cl\/wp-json\/wp\/v2\/pages"}],"about":[{"href":"https:\/\/mioti.es\/cl\/wp-json\/wp\/v2\/types\/page"}],"author":[{"embeddable":true,"href":"https:\/\/mioti.es\/cl\/wp-json\/wp\/v2\/users\/6"}],"replies":[{"embeddable":true,"href":"https:\/\/mioti.es\/cl\/wp-json\/wp\/v2\/comments?post=27119"}],"version-history":[{"count":65,"href":"https:\/\/mioti.es\/cl\/wp-json\/wp\/v2\/pages\/27119\/revisions"}],"predecessor-version":[{"id":42022,"href":"https:\/\/mioti.es\/cl\/wp-json\/wp\/v2\/pages\/27119\/revisions\/42022"}],"wp:featuredmedia":[{"embeddable":true,"href":"https:\/\/mioti.es\/cl\/wp-json\/wp\/v2\/media\/32891"}],"wp:attachment":[{"href":"https:\/\/mioti.es\/cl\/wp-json\/wp\/v2\/media?parent=27119"}],"curies":[{"name":"wp","href":"https:\/\/api.w.org\/{rel}","templated":true}]}}